{"id":1155,"date":"2025-03-22T14:22:09","date_gmt":"2025-03-22T14:22:09","guid":{"rendered":"http:\/\/127.0.0.1:8080\/?page_id=1155"},"modified":"2025-08-11T22:16:39","modified_gmt":"2025-08-11T22:16:39","slug":"gms-training","status":"publish","type":"page","link":"https:\/\/gms-tunisie.com\/fr\/gms-training\/","title":{"rendered":"GMS Formation"},"content":{"rendered":"<div data-elementor-type=\"wp-page\" data-elementor-id=\"1155\" class=\"elementor elementor-1155\" data-elementor-post-type=\"page\">\n\t\t\t\t<div class=\"elementor-element elementor-element-3d1762ac e-flex e-con-boxed e-con e-parent\" data-id=\"3d1762ac\" data-element_type=\"container\" data-e-type=\"container\" data-settings=\"{&quot;background_background&quot;:&quot;classic&quot;}\">\n\t\t\t\t\t<div class=\"e-con-inner\">\n\t\t<div class=\"elementor-element elementor-element-308012f0 e-con-full e-flex e-con e-child\" data-id=\"308012f0\" data-element_type=\"container\" data-e-type=\"container\">\n\t\t\t\t<div class=\"elementor-element elementor-element-532a8979 elementor-widget-divider--view-line elementor-widget elementor-widget-divider\" data-id=\"532a8979\" data-element_type=\"widget\" data-e-type=\"widget\" data-widget_type=\"divider.default\">\n\t\t\t\t<div class=\"elementor-widget-container\">\n\t\t\t\t\t\t\t<div class=\"elementor-divider\">\n\t\t\t<span class=\"elementor-divider-separator\">\n\t\t\t\t\t\t<\/span>\n\t\t<\/div>\n\t\t\t\t\t\t<\/div>\n\t\t\t\t<\/div>\n\t\t\t\t<div class=\"elementor-element elementor-element-553a456e elementor-widget elementor-widget-heading\" data-id=\"553a456e\" data-element_type=\"widget\" data-e-type=\"widget\" data-widget_type=\"heading.default\">\n\t\t\t\t<div class=\"elementor-widget-container\">\n\t\t\t\t\t<h1 class=\"elementor-heading-title elementor-size-default\">GMS Formation<\/h1>\t\t\t\t<\/div>\n\t\t\t\t<\/div>\n\t\t\t\t<\/div>\n\t\t\t\t\t<\/div>\n\t\t\t\t<\/div>\n\t\t<div class=\"elementor-element elementor-element-5305196d e-flex e-con-boxed e-con e-parent\" data-id=\"5305196d\" data-element_type=\"container\" data-e-type=\"container\">\n\t\t\t\t\t<div class=\"e-con-inner\">\n\t\t<div class=\"elementor-element elementor-element-02ccb96 e-con-full e-flex e-con e-child\" data-id=\"02ccb96\" data-element_type=\"container\" data-e-type=\"container\">\n\t\t\t\t<div class=\"elementor-element elementor-element-7739e21 elementor-widget elementor-widget-heading\" data-id=\"7739e21\" data-element_type=\"widget\" data-e-type=\"widget\" data-widget_type=\"heading.default\">\n\t\t\t\t<div class=\"elementor-widget-container\">\n\t\t\t\t\t<h2 class=\"elementor-heading-title elementor-size-default\">Bienvenue \u00e0 bord<\/h2>\t\t\t\t<\/div>\n\t\t\t\t<\/div>\n\t\t\t\t<div class=\"elementor-element elementor-element-f28c8af elementor-widget elementor-widget-text-editor\" data-id=\"f28c8af\" data-element_type=\"widget\" data-e-type=\"widget\" data-widget_type=\"text-editor.default\">\n\t\t\t\t<div class=\"elementor-widget-container\">\n\t\t\t\t\t\t\t\t\t<p>Embarquez avec nous pour une formation \u00e0 la conduite des bateaux de plaisance en mer.<\/p><p>Nous sommes les seuls \u00e0 proposer des cours th\u00e9oriques en classe. La partie pratique est assur\u00e9e par un instructeur agr\u00e9\u00e9, pilote professionnel de la mer.<br \/>GMS propose des formations destin\u00e9es aux futurs enseignants de bateau \u00e9cole, aux responsables de l'\u00e9ducation en formation \u00e0 la plaisance c\u00f4ti\u00e8re et \u00e0 tous les autres intervenants du domaine de la plaisance, d'une dur\u00e9e de formation de six jours (42 heures) par organisme.<\/p>\t\t\t\t\t\t\t\t<\/div>\n\t\t\t\t<\/div>\n\t\t\t\t<\/div>\n\t\t<div class=\"elementor-element elementor-element-7bc0b05 e-con-full e-flex e-con e-child\" data-id=\"7bc0b05\" data-element_type=\"container\" data-e-type=\"container\">\n\t\t\t\t<div class=\"elementor-element elementor-element-d6bf081 elementor-widget elementor-widget-heading\" data-id=\"d6bf081\" data-element_type=\"widget\" data-e-type=\"widget\" data-widget_type=\"heading.default\">\n\t\t\t\t<div class=\"elementor-widget-container\">\n\t\t\t\t\t<h2 class=\"elementor-heading-title elementor-size-default\">Objectifs<\/h2>\t\t\t\t<\/div>\n\t\t\t\t<\/div>\n\t\t\t\t<div class=\"elementor-element elementor-element-373bb93 elementor-widget elementor-widget-text-editor\" data-id=\"373bb93\" data-element_type=\"widget\" data-e-type=\"widget\" data-widget_type=\"text-editor.default\">\n\t\t\t\t<div class=\"elementor-widget-container\">\n\t\t\t\t\t\t\t\t\t<ul><li>Conna\u00eetre et appliquer les principales dispositions du nouveau syst\u00e8me de formation et d\u2019\u00e9valuation du jeu \u00ab pratique \u00bb de conduite de bateaux de plaisance.<\/li><li>Les difficult\u00e9s d\u2019une \u00e9valuation objective.<\/li><li>Cr\u00e9er un r\u00e9f\u00e9rentiel de formation et d\u2019\u00e9valuation.<\/li><li>Conna\u00eetre les principes de base du processus de formation et d\u2019\u00e9valuation.<\/li><li>D\u00e9finir des crit\u00e8res d'\u00e9valuation des \u00e9preuves pratiques et construire des outils de contr\u00f4le.<\/li><li>Conna\u00eetre les principaux moyens de documenter un point de vue p\u00e9dagogique, technique ou r\u00e9glementaire.<\/li><li>D\u00e9velopper une synergie de formation dans le domaine de la marina.<\/li><\/ul>\t\t\t\t\t\t\t\t<\/div>\n\t\t\t\t<\/div>\n\t\t\t\t<\/div>\n\t\t<div class=\"elementor-element elementor-element-9185b23 e-con-full e-flex e-con e-child\" data-id=\"9185b23\" data-element_type=\"container\" data-e-type=\"container\">\n\t\t\t\t<div class=\"elementor-element elementor-element-16e24a7 elementor-widget elementor-widget-heading\" data-id=\"16e24a7\" data-element_type=\"widget\" data-e-type=\"widget\" data-widget_type=\"heading.default\">\n\t\t\t\t<div class=\"elementor-widget-container\">\n\t\t\t\t\t<h2 class=\"elementor-heading-title elementor-size-default\">Conditions minimales d'entr\u00e9e  \n<\/h2>\t\t\t\t<\/div>\n\t\t\t\t<\/div>\n\t\t\t\t<div class=\"elementor-element elementor-element-6a79afd elementor-widget elementor-widget-text-editor\" data-id=\"6a79afd\" data-element_type=\"widget\" data-e-type=\"widget\" data-widget_type=\"text-editor.default\">\n\t\t\t\t<div class=\"elementor-widget-container\">\n\t\t\t\t\t\t\t\t\t<ul><li>\u00c2g\u00e9 d'au moins 18 ans.<\/li><li>\u00catre titulaire d\u2019une formation sup\u00e9rieure en nature (Marine Marchande des P\u00eaches, Marine Nationale\u2026) ou \u00e9quivalent.<\/li><\/ul>\t\t\t\t\t\t\t\t<\/div>\n\t\t\t\t<\/div>\n\t\t\t\t<\/div>\n\t\t\t\t\t<\/div>\n\t\t\t\t<\/div>\n\t\t\t\t<\/div>","protected":false},"excerpt":{"rendered":"<p>GMS Training Welcome aboard Embark with us for training instructors driving pleasure boats at sea like the Mediterranean countries (France, Italy, Spain &#8230;). We are the only ones to offer in support of our theoretical classroom courses. The practical part is provided by an authorized instructor, professional pilot from the sea.GMS offers training courses for [&hellip;]<\/p>\n","protected":false},"author":1,"featured_media":0,"parent":0,"menu_order":0,"comment_status":"closed","ping_status":"closed","template":"","meta":{"site-sidebar-layout":"no-sidebar","site-content-layout":"page-builder","ast-site-content-layout":"full-width-container","site-content-style":"default","site-sidebar-style":"default","ast-global-header-display":"","ast-banner-title-visibility":"","ast-main-header-display":"","ast-hfb-above-header-display":"","ast-hfb-below-header-display":"","ast-hfb-mobile-header-display":"","site-post-title":"disabled","ast-breadcrumbs-content":"","ast-featured-img":"disabled","footer-sml-layout":"","theme-transparent-header-meta":"","adv-header-id-meta":"","stick-header-meta":"","header-above-stick-meta":"","header-main-stick-meta":"","header-below-stick-meta":"","astra-migrate-meta-layouts":"set","ast-page-background-enabled":"default","ast-page-background-meta":{"desktop":{"background-color":"","background-image":"","background-repeat":"repeat","background-position":"center center","background-size":"auto","background-attachment":"scroll","background-type":"","background-media":"","overlay-type":"","overlay-color":"","overlay-opacity":"","overlay-gradient":""},"tablet":{"background-color":"","background-image":"","background-repeat":"repeat","background-position":"center center","background-size":"auto","background-attachment":"scroll","background-type":"","background-media":"","overlay-type":"","overlay-color":"","overlay-opacity":"","overlay-gradient":""},"mobile":{"background-color":"","background-image":"","background-repeat":"repeat","background-position":"center center","background-size":"auto","background-attachment":"scroll","background-type":"","background-media":"","overlay-type":"","overlay-color":"","overlay-opacity":"","overlay-gradient":""}},"ast-content-background-meta":{"desktop":{"background-color":"var(--ast-global-color-5)","background-image":"","background-repeat":"repeat","background-position":"center center","background-size":"auto","background-attachment":"scroll","background-type":"","background-media":"","overlay-type":"","overlay-color":"","overlay-opacity":"","overlay-gradient":""},"tablet":{"background-color":"var(--ast-global-color-5)","background-image":"","background-repeat":"repeat","background-position":"center center","background-size":"auto","background-attachment":"scroll","background-type":"","background-media":"","overlay-type":"","overlay-color":"","overlay-opacity":"","overlay-gradient":""},"mobile":{"background-color":"var(--ast-global-color-5)","background-image":"","background-repeat":"repeat","background-position":"center center","background-size":"auto","background-attachment":"scroll","background-type":"","background-media":"","overlay-type":"","overlay-color":"","overlay-opacity":"","overlay-gradient":""}},"footnotes":""},"class_list":["post-1155","page","type-page","status-publish","hentry"],"yoast_head":"<!-- This site is optimized with the Yoast SEO plugin v27.2 - https:\/\/yoast.com\/product\/yoast-seo-wordpress\/ -->\n<title>GMS Training - Global Maritime Services<\/title>\n<meta name=\"robots\" content=\"index, follow, max-snippet:-1, max-image-preview:large, max-video-preview:-1\" \/>\n<link rel=\"canonical\" href=\"https:\/\/gms-tunisie.com\/fr\/gms-training\/\" \/>\n<meta property=\"og:locale\" content=\"fr_FR\" \/>\n<meta property=\"og:type\" content=\"article\" \/>\n<meta property=\"og:title\" content=\"GMS Training - Global Maritime Services\" \/>\n<meta property=\"og:description\" content=\"GMS Training Welcome aboard Embark with us for training instructors driving pleasure boats at sea like the Mediterranean countries (France, Italy, Spain &#8230;). We are the only ones to offer in support of our theoretical classroom courses. The practical part is provided by an authorized instructor, professional pilot from the sea.GMS offers training courses for [&hellip;]\" \/>\n<meta property=\"og:url\" content=\"https:\/\/gms-tunisie.com\/fr\/gms-training\/\" \/>\n<meta property=\"og:site_name\" content=\"Global Maritime Services\" \/>\n<meta property=\"article:modified_time\" content=\"2025-08-11T22:16:39+00:00\" \/>\n<meta name=\"twitter:card\" content=\"summary_large_image\" \/>\n<meta name=\"twitter:label1\" content=\"Dur\u00e9e de lecture estim\u00e9e\" \/>\n\t<meta name=\"twitter:data1\" content=\"1 minute\" \/>\n<script type=\"application\/ld+json\" class=\"yoast-schema-graph\">{\"@context\":\"https:\/\/schema.org\",\"@graph\":[{\"@type\":\"WebPage\",\"@id\":\"https:\/\/gms-tunisie.com\/en\/gms-training\/\",\"url\":\"https:\/\/gms-tunisie.com\/en\/gms-training\/\",\"name\":\"GMS Training - Global Maritime Services\",\"isPartOf\":{\"@id\":\"https:\/\/gms-tunisie.com\/en\/#website\"},\"datePublished\":\"2025-03-22T14:22:09+00:00\",\"dateModified\":\"2025-08-11T22:16:39+00:00\",\"breadcrumb\":{\"@id\":\"https:\/\/gms-tunisie.com\/en\/gms-training\/#breadcrumb\"},\"inLanguage\":\"fr-FR\",\"potentialAction\":[{\"@type\":\"ReadAction\",\"target\":[\"https:\/\/gms-tunisie.com\/en\/gms-training\/\"]}]},{\"@type\":\"BreadcrumbList\",\"@id\":\"https:\/\/gms-tunisie.com\/en\/gms-training\/#breadcrumb\",\"itemListElement\":[{\"@type\":\"ListItem\",\"position\":1,\"name\":\"Home\",\"item\":\"https:\/\/gms-tunisie.com\/en\/\"},{\"@type\":\"ListItem\",\"position\":2,\"name\":\"GMS Training\"}]},{\"@type\":\"WebSite\",\"@id\":\"https:\/\/gms-tunisie.com\/en\/#website\",\"url\":\"https:\/\/gms-tunisie.com\/en\/\",\"name\":\"Global Maritime Services\",\"description\":\"Global Maritime Services\",\"publisher\":{\"@id\":\"https:\/\/gms-tunisie.com\/en\/#organization\"},\"potentialAction\":[{\"@type\":\"SearchAction\",\"target\":{\"@type\":\"EntryPoint\",\"urlTemplate\":\"https:\/\/gms-tunisie.com\/en\/?s={search_term_string}\"},\"query-input\":{\"@type\":\"PropertyValueSpecification\",\"valueRequired\":true,\"valueName\":\"search_term_string\"}}],\"inLanguage\":\"fr-FR\"},{\"@type\":\"Organization\",\"@id\":\"https:\/\/gms-tunisie.com\/en\/#organization\",\"name\":\"Global Maritime Services\",\"url\":\"https:\/\/gms-tunisie.com\/en\/\",\"logo\":{\"@type\":\"ImageObject\",\"inLanguage\":\"fr-FR\",\"@id\":\"https:\/\/gms-tunisie.com\/en\/#\/schema\/logo\/image\/\",\"url\":\"https:\/\/gms-tunisie.com\/wp-content\/uploads\/2025\/03\/1000015282.png\",\"contentUrl\":\"https:\/\/gms-tunisie.com\/wp-content\/uploads\/2025\/03\/1000015282.png\",\"width\":8192,\"height\":5789,\"caption\":\"Global Maritime Services\"},\"image\":{\"@id\":\"https:\/\/gms-tunisie.com\/en\/#\/schema\/logo\/image\/\"},\"sameAs\":[\"https:\/\/www.linkedin.com\/company\/global-maritime-services\/\"]}]}<\/script>\n<!-- \/ Yoast SEO plugin. -->","yoast_head_json":{"title":"GMS Training - Global Maritime Services","robots":{"index":"index","follow":"follow","max-snippet":"max-snippet:-1","max-image-preview":"max-image-preview:large","max-video-preview":"max-video-preview:-1"},"canonical":"https:\/\/gms-tunisie.com\/fr\/gms-training\/","og_locale":"fr_FR","og_type":"article","og_title":"GMS Training - Global Maritime Services","og_description":"GMS Training Welcome aboard Embark with us for training instructors driving pleasure boats at sea like the Mediterranean countries (France, Italy, Spain &#8230;). We are the only ones to offer in support of our theoretical classroom courses. The practical part is provided by an authorized instructor, professional pilot from the sea.GMS offers training courses for [&hellip;]","og_url":"https:\/\/gms-tunisie.com\/fr\/gms-training\/","og_site_name":"Global Maritime Services","article_modified_time":"2025-08-11T22:16:39+00:00","twitter_card":"summary_large_image","twitter_misc":{"Dur\u00e9e de lecture estim\u00e9e":"1 minute"},"schema":{"@context":"https:\/\/schema.org","@graph":[{"@type":"WebPage","@id":"https:\/\/gms-tunisie.com\/en\/gms-training\/","url":"https:\/\/gms-tunisie.com\/en\/gms-training\/","name":"GMS Training - Global Maritime Services","isPartOf":{"@id":"https:\/\/gms-tunisie.com\/en\/#website"},"datePublished":"2025-03-22T14:22:09+00:00","dateModified":"2025-08-11T22:16:39+00:00","breadcrumb":{"@id":"https:\/\/gms-tunisie.com\/en\/gms-training\/#breadcrumb"},"inLanguage":"fr-FR","potentialAction":[{"@type":"ReadAction","target":["https:\/\/gms-tunisie.com\/en\/gms-training\/"]}]},{"@type":"BreadcrumbList","@id":"https:\/\/gms-tunisie.com\/en\/gms-training\/#breadcrumb","itemListElement":[{"@type":"ListItem","position":1,"name":"Home","item":"https:\/\/gms-tunisie.com\/en\/"},{"@type":"ListItem","position":2,"name":"GMS Training"}]},{"@type":"WebSite","@id":"https:\/\/gms-tunisie.com\/en\/#website","url":"https:\/\/gms-tunisie.com\/en\/","name":"Global Maritime Services","description":"Global Maritime Services","publisher":{"@id":"https:\/\/gms-tunisie.com\/en\/#organization"},"potentialAction":[{"@type":"SearchAction","target":{"@type":"EntryPoint","urlTemplate":"https:\/\/gms-tunisie.com\/en\/?s={search_term_string}"},"query-input":{"@type":"PropertyValueSpecification","valueRequired":true,"valueName":"search_term_string"}}],"inLanguage":"fr-FR"},{"@type":"Organization","@id":"https:\/\/gms-tunisie.com\/en\/#organization","name":"Global Maritime Services","url":"https:\/\/gms-tunisie.com\/en\/","logo":{"@type":"ImageObject","inLanguage":"fr-FR","@id":"https:\/\/gms-tunisie.com\/en\/#\/schema\/logo\/image\/","url":"https:\/\/gms-tunisie.com\/wp-content\/uploads\/2025\/03\/1000015282.png","contentUrl":"https:\/\/gms-tunisie.com\/wp-content\/uploads\/2025\/03\/1000015282.png","width":8192,"height":5789,"caption":"Global Maritime Services"},"image":{"@id":"https:\/\/gms-tunisie.com\/en\/#\/schema\/logo\/image\/"},"sameAs":["https:\/\/www.linkedin.com\/company\/global-maritime-services\/"]}]}},"_links":{"self":[{"href":"https:\/\/gms-tunisie.com\/fr\/wp-json\/wp\/v2\/pages\/1155","targetHints":{"allow":["GET"]}}],"collection":[{"href":"https:\/\/gms-tunisie.com\/fr\/wp-json\/wp\/v2\/pages"}],"about":[{"href":"https:\/\/gms-tunisie.com\/fr\/wp-json\/wp\/v2\/types\/page"}],"author":[{"embeddable":true,"href":"https:\/\/gms-tunisie.com\/fr\/wp-json\/wp\/v2\/users\/1"}],"replies":[{"embeddable":true,"href":"https:\/\/gms-tunisie.com\/fr\/wp-json\/wp\/v2\/comments?post=1155"}],"version-history":[{"count":11,"href":"https:\/\/gms-tunisie.com\/fr\/wp-json\/wp\/v2\/pages\/1155\/revisions"}],"predecessor-version":[{"id":1530,"href":"https:\/\/gms-tunisie.com\/fr\/wp-json\/wp\/v2\/pages\/1155\/revisions\/1530"}],"wp:attachment":[{"href":"https:\/\/gms-tunisie.com\/fr\/wp-json\/wp\/v2\/media?parent=1155"}],"curies":[{"name":"wp","href":"https:\/\/api.w.org\/{rel}","templated":true}]}}