{"id":1119,"date":"2025-03-12T13:36:09","date_gmt":"2025-03-12T13:36:09","guid":{"rendered":"https:\/\/gms.mehdi-elamri.com\/?page_id=1119"},"modified":"2025-08-11T22:14:14","modified_gmt":"2025-08-11T22:14:14","slug":"oil-services","status":"publish","type":"page","link":"https:\/\/gms-tunisie.com\/fr\/oil-services\/","title":{"rendered":"Services P\u00e9trolier"},"content":{"rendered":"<div data-elementor-type=\"wp-page\" data-elementor-id=\"1119\" class=\"elementor elementor-1119\" data-elementor-post-type=\"page\">\n\t\t\t\t<div class=\"elementor-element elementor-element-590af88f e-flex e-con-boxed e-con e-parent\" data-id=\"590af88f\" data-element_type=\"container\" data-e-type=\"container\" data-settings=\"{&quot;background_background&quot;:&quot;classic&quot;}\">\n\t\t\t\t\t<div class=\"e-con-inner\">\n\t\t<div class=\"elementor-element elementor-element-3f9168cd e-con-full e-flex e-con e-child\" data-id=\"3f9168cd\" data-element_type=\"container\" data-e-type=\"container\">\n\t\t\t\t<div class=\"elementor-element elementor-element-318c9cff elementor-widget-divider--view-line elementor-widget elementor-widget-divider\" data-id=\"318c9cff\" data-element_type=\"widget\" data-e-type=\"widget\" data-widget_type=\"divider.default\">\n\t\t\t\t<div class=\"elementor-widget-container\">\n\t\t\t\t\t\t\t<div class=\"elementor-divider\">\n\t\t\t<span class=\"elementor-divider-separator\">\n\t\t\t\t\t\t<\/span>\n\t\t<\/div>\n\t\t\t\t\t\t<\/div>\n\t\t\t\t<\/div>\n\t\t\t\t<div class=\"elementor-element elementor-element-46a4cf3c elementor-widget elementor-widget-heading\" data-id=\"46a4cf3c\" data-element_type=\"widget\" data-e-type=\"widget\" data-widget_type=\"heading.default\">\n\t\t\t\t<div class=\"elementor-widget-container\">\n\t\t\t\t\t<h1 class=\"elementor-heading-title elementor-size-default\">Services P\u00e9trolier<\/h1>\t\t\t\t<\/div>\n\t\t\t\t<\/div>\n\t\t\t\t<\/div>\n\t\t\t\t\t<\/div>\n\t\t\t\t<\/div>\n\t\t<div class=\"elementor-element elementor-element-3a80f0ee e-flex e-con-boxed e-con e-parent\" data-id=\"3a80f0ee\" data-element_type=\"container\" data-e-type=\"container\">\n\t\t\t\t\t<div class=\"e-con-inner\">\n\t\t\t\t<div class=\"elementor-element elementor-element-4521954f elementor-widget elementor-widget-text-editor\" data-id=\"4521954f\" data-element_type=\"widget\" data-e-type=\"widget\" data-widget_type=\"text-editor.default\">\n\t\t\t\t<div class=\"elementor-widget-container\">\n\t\t\t\t\t\t\t\t\t<p>GMS Sp\u00e9cialiste des services maritimes \u00e0 l\u2019offshore p\u00e9trolier, GMS Offshore accompagne ses clients dans le d\u00e9veloppement de leur activit\u00e9 en leur proposant une large gamme de services.<\/p><p>\u00a0<\/p>\t\t\t\t\t\t\t\t<\/div>\n\t\t\t\t<\/div>\n\t\t<div class=\"elementor-element elementor-element-6e8f464d e-con-full e-flex e-con e-child\" data-id=\"6e8f464d\" data-element_type=\"container\" data-e-type=\"container\">\n\t\t<div class=\"elementor-element elementor-element-6578e6aa e-con-full e-flex e-con e-child\" data-id=\"6578e6aa\" data-element_type=\"container\" data-e-type=\"container\">\n\t\t\t\t<div class=\"elementor-element elementor-element-4512916b elementor-widget elementor-widget-image\" data-id=\"4512916b\" data-element_type=\"widget\" data-e-type=\"widget\" data-widget_type=\"image.default\">\n\t\t\t\t<div class=\"elementor-widget-container\">\n\t\t\t\t\t\t\t\t\t\t\t\t\t\t\t<img fetchpriority=\"high\" decoding=\"async\" width=\"768\" height=\"754\" src=\"https:\/\/gms-tunisie.com\/wp-content\/uploads\/2025\/03\/rsz_pexels-steve-mccaul-988600744-20259603-768x754.jpg\" class=\"attachment-medium_large size-medium_large wp-image-1383\" alt=\"\" srcset=\"https:\/\/gms-tunisie.com\/wp-content\/uploads\/2025\/03\/rsz_pexels-steve-mccaul-988600744-20259603-768x754.jpg 768w, https:\/\/gms-tunisie.com\/wp-content\/uploads\/2025\/03\/rsz_pexels-steve-mccaul-988600744-20259603-300x295.jpg 300w, https:\/\/gms-tunisie.com\/wp-content\/uploads\/2025\/03\/rsz_pexels-steve-mccaul-988600744-20259603-1024x1006.jpg 1024w, https:\/\/gms-tunisie.com\/wp-content\/uploads\/2025\/03\/rsz_pexels-steve-mccaul-988600744-20259603-1536x1508.jpg 1536w, https:\/\/gms-tunisie.com\/wp-content\/uploads\/2025\/03\/rsz_pexels-steve-mccaul-988600744-20259603-12x12.jpg 12w, https:\/\/gms-tunisie.com\/wp-content\/uploads\/2025\/03\/rsz_pexels-steve-mccaul-988600744-20259603.jpg 2008w\" sizes=\"(max-width: 768px) 100vw, 768px\" \/>\t\t\t\t\t\t\t\t\t\t\t\t\t\t\t<\/div>\n\t\t\t\t<\/div>\n\t\t\t\t<div class=\"elementor-element elementor-element-76baeb61 elementor-widget elementor-widget-text-editor\" data-id=\"76baeb61\" data-element_type=\"widget\" data-e-type=\"widget\" data-widget_type=\"text-editor.default\">\n\t\t\t\t<div class=\"elementor-widget-container\">\n\t\t\t\t\t\t\t\t\t<p>GMS offre de services maritimes \u00e0 l'offshore p\u00e9trolier, de remorquage, d'assistance et de sauvetage:<\/p><ul><li class=\"point\">Le ravitaillement des installations et des navires offshore.<\/li><li class=\"point\">Le remorquage, l\u2019ancrage et le positionnement des installations offshore.<\/li><li class=\"point\">Support des unit\u00e9s flottantes de production, de stockage et de d\u00e9chargements p\u00e9trolier et gazier.<\/li><li class=\"point\">Ravitaillement des engins de forage, des plateformes p\u00e9troli\u00e8res.<\/li><li class=\"point\">Fournir une large diversit\u00e9 de services de maintenance, en particulier pour tout ce qui touche aux \u00e9quipements sous-marins.<\/li><li class=\"point\">Servir essentiellement les transports de pi\u00e8ces urgentes et de petits colis.<\/li><li class=\"point\">Serve transport &#8220;petroleum&#8221; staff between land and offshore installations.<\/li><li class=\"point\">Assistance, salvage and pollution control.<\/li><\/ul>\t\t\t\t\t\t\t\t<\/div>\n\t\t\t\t<\/div>\n\t\t\t\t<\/div>\n\t\t\t\t<\/div>\n\t\t\t\t\t<\/div>\n\t\t\t\t<\/div>\n\t\t\t\t<\/div>","protected":false},"excerpt":{"rendered":"<p>Oil Services Specialist GMS maritime offshore oil and gas services, GMS Offshore assists its clients in developing their business by offering a wide range of services. \u00a0 GMS provides marine services to offshore oil and gas, towing, assistance and rescue: Refueling facilities and offshore vessels. Towing, anchoring and positioning of offshore installations. Support for floating [&hellip;]<\/p>\n","protected":false},"author":1,"featured_media":0,"parent":0,"menu_order":0,"comment_status":"closed","ping_status":"closed","template":"","meta":{"site-sidebar-layout":"no-sidebar","site-content-layout":"page-builder","ast-site-content-layout":"full-width-container","site-content-style":"default","site-sidebar-style":"default","ast-global-header-display":"","ast-banner-title-visibility":"","ast-main-header-display":"","ast-hfb-above-header-display":"","ast-hfb-below-header-display":"","ast-hfb-mobile-header-display":"","site-post-title":"disabled","ast-breadcrumbs-content":"","ast-featured-img":"disabled","footer-sml-layout":"","theme-transparent-header-meta":"","adv-header-id-meta":"","stick-header-meta":"","header-above-stick-meta":"","header-main-stick-meta":"","header-below-stick-meta":"","astra-migrate-meta-layouts":"set","ast-page-background-enabled":"default","ast-page-background-meta":{"desktop":{"background-color":"","background-image":"","background-repeat":"repeat","background-position":"center center","background-size":"auto","background-attachment":"scroll","background-type":"","background-media":"","overlay-type":"","overlay-color":"","overlay-opacity":"","overlay-gradient":""},"tablet":{"background-color":"","background-image":"","background-repeat":"repeat","background-position":"center center","background-size":"auto","background-attachment":"scroll","background-type":"","background-media":"","overlay-type":"","overlay-color":"","overlay-opacity":"","overlay-gradient":""},"mobile":{"background-color":"","background-image":"","background-repeat":"repeat","background-position":"center center","background-size":"auto","background-attachment":"scroll","background-type":"","background-media":"","overlay-type":"","overlay-color":"","overlay-opacity":"","overlay-gradient":""}},"ast-content-background-meta":{"desktop":{"background-color":"var(--ast-global-color-5)","background-image":"","background-repeat":"repeat","background-position":"center center","background-size":"auto","background-attachment":"scroll","background-type":"","background-media":"","overlay-type":"","overlay-color":"","overlay-opacity":"","overlay-gradient":""},"tablet":{"background-color":"var(--ast-global-color-5)","background-image":"","background-repeat":"repeat","background-position":"center center","background-size":"auto","background-attachment":"scroll","background-type":"","background-media":"","overlay-type":"","overlay-color":"","overlay-opacity":"","overlay-gradient":""},"mobile":{"background-color":"var(--ast-global-color-5)","background-image":"","background-repeat":"repeat","background-position":"center center","background-size":"auto","background-attachment":"scroll","background-type":"","background-media":"","overlay-type":"","overlay-color":"","overlay-opacity":"","overlay-gradient":""}},"footnotes":""},"class_list":["post-1119","page","type-page","status-publish","hentry"],"yoast_head":"<!-- This site is optimized with the Yoast SEO plugin v27.2 - https:\/\/yoast.com\/product\/yoast-seo-wordpress\/ -->\n<title>Oil Services - Global Maritime Services<\/title>\n<meta name=\"robots\" content=\"index, follow, max-snippet:-1, max-image-preview:large, max-video-preview:-1\" \/>\n<link rel=\"canonical\" href=\"https:\/\/gms-tunisie.com\/fr\/oil-services\/\" \/>\n<meta property=\"og:locale\" content=\"fr_FR\" \/>\n<meta property=\"og:type\" content=\"article\" \/>\n<meta property=\"og:title\" content=\"Oil Services - Global Maritime Services\" \/>\n<meta property=\"og:description\" content=\"Oil Services Specialist GMS maritime offshore oil and gas services, GMS Offshore assists its clients in developing their business by offering a wide range of services. \u00a0 GMS provides marine services to offshore oil and gas, towing, assistance and rescue: Refueling facilities and offshore vessels. Towing, anchoring and positioning of offshore installations. Support for floating [&hellip;]\" \/>\n<meta property=\"og:url\" content=\"https:\/\/gms-tunisie.com\/fr\/oil-services\/\" \/>\n<meta property=\"og:site_name\" content=\"Global Maritime Services\" \/>\n<meta property=\"article:modified_time\" content=\"2025-08-11T22:14:14+00:00\" \/>\n<meta property=\"og:image\" content=\"https:\/\/gms-tunisie.com\/wp-content\/uploads\/2025\/03\/rsz_pexels-steve-mccaul-988600744-20259603-768x754.jpg\" \/>\n<meta name=\"twitter:card\" content=\"summary_large_image\" \/>\n<meta name=\"twitter:label1\" content=\"Dur\u00e9e de lecture estim\u00e9e\" \/>\n\t<meta name=\"twitter:data1\" content=\"1 minute\" \/>\n<script type=\"application\/ld+json\" class=\"yoast-schema-graph\">{\"@context\":\"https:\/\/schema.org\",\"@graph\":[{\"@type\":\"WebPage\",\"@id\":\"https:\/\/gms-tunisie.com\/en\/oil-services\/\",\"url\":\"https:\/\/gms-tunisie.com\/en\/oil-services\/\",\"name\":\"Oil Services - Global Maritime Services\",\"isPartOf\":{\"@id\":\"https:\/\/gms-tunisie.com\/en\/#website\"},\"primaryImageOfPage\":{\"@id\":\"https:\/\/gms-tunisie.com\/en\/oil-services\/#primaryimage\"},\"image\":{\"@id\":\"https:\/\/gms-tunisie.com\/en\/oil-services\/#primaryimage\"},\"thumbnailUrl\":\"https:\/\/gms-tunisie.com\/wp-content\/uploads\/2025\/03\/rsz_pexels-steve-mccaul-988600744-20259603-768x754.jpg\",\"datePublished\":\"2025-03-12T13:36:09+00:00\",\"dateModified\":\"2025-08-11T22:14:14+00:00\",\"breadcrumb\":{\"@id\":\"https:\/\/gms-tunisie.com\/en\/oil-services\/#breadcrumb\"},\"inLanguage\":\"fr-FR\",\"potentialAction\":[{\"@type\":\"ReadAction\",\"target\":[\"https:\/\/gms-tunisie.com\/en\/oil-services\/\"]}]},{\"@type\":\"ImageObject\",\"inLanguage\":\"fr-FR\",\"@id\":\"https:\/\/gms-tunisie.com\/en\/oil-services\/#primaryimage\",\"url\":\"https:\/\/gms-tunisie.com\/wp-content\/uploads\/2025\/03\/rsz_pexels-steve-mccaul-988600744-20259603-768x754.jpg\",\"contentUrl\":\"https:\/\/gms-tunisie.com\/wp-content\/uploads\/2025\/03\/rsz_pexels-steve-mccaul-988600744-20259603-768x754.jpg\"},{\"@type\":\"BreadcrumbList\",\"@id\":\"https:\/\/gms-tunisie.com\/en\/oil-services\/#breadcrumb\",\"itemListElement\":[{\"@type\":\"ListItem\",\"position\":1,\"name\":\"Home\",\"item\":\"https:\/\/gms-tunisie.com\/en\/\"},{\"@type\":\"ListItem\",\"position\":2,\"name\":\"Oil Services\"}]},{\"@type\":\"WebSite\",\"@id\":\"https:\/\/gms-tunisie.com\/en\/#website\",\"url\":\"https:\/\/gms-tunisie.com\/en\/\",\"name\":\"Global Maritime Services\",\"description\":\"Global Maritime Services\",\"publisher\":{\"@id\":\"https:\/\/gms-tunisie.com\/en\/#organization\"},\"potentialAction\":[{\"@type\":\"SearchAction\",\"target\":{\"@type\":\"EntryPoint\",\"urlTemplate\":\"https:\/\/gms-tunisie.com\/en\/?s={search_term_string}\"},\"query-input\":{\"@type\":\"PropertyValueSpecification\",\"valueRequired\":true,\"valueName\":\"search_term_string\"}}],\"inLanguage\":\"fr-FR\"},{\"@type\":\"Organization\",\"@id\":\"https:\/\/gms-tunisie.com\/en\/#organization\",\"name\":\"Global Maritime Services\",\"url\":\"https:\/\/gms-tunisie.com\/en\/\",\"logo\":{\"@type\":\"ImageObject\",\"inLanguage\":\"fr-FR\",\"@id\":\"https:\/\/gms-tunisie.com\/en\/#\/schema\/logo\/image\/\",\"url\":\"https:\/\/gms-tunisie.com\/wp-content\/uploads\/2025\/03\/1000015282.png\",\"contentUrl\":\"https:\/\/gms-tunisie.com\/wp-content\/uploads\/2025\/03\/1000015282.png\",\"width\":8192,\"height\":5789,\"caption\":\"Global Maritime Services\"},\"image\":{\"@id\":\"https:\/\/gms-tunisie.com\/en\/#\/schema\/logo\/image\/\"},\"sameAs\":[\"https:\/\/www.linkedin.com\/company\/global-maritime-services\/\"]}]}<\/script>\n<!-- \/ Yoast SEO plugin. -->","yoast_head_json":{"title":"Oil Services - Global Maritime Services","robots":{"index":"index","follow":"follow","max-snippet":"max-snippet:-1","max-image-preview":"max-image-preview:large","max-video-preview":"max-video-preview:-1"},"canonical":"https:\/\/gms-tunisie.com\/fr\/oil-services\/","og_locale":"fr_FR","og_type":"article","og_title":"Oil Services - Global Maritime Services","og_description":"Oil Services Specialist GMS maritime offshore oil and gas services, GMS Offshore assists its clients in developing their business by offering a wide range of services. \u00a0 GMS provides marine services to offshore oil and gas, towing, assistance and rescue: Refueling facilities and offshore vessels. Towing, anchoring and positioning of offshore installations. Support for floating [&hellip;]","og_url":"https:\/\/gms-tunisie.com\/fr\/oil-services\/","og_site_name":"Global Maritime Services","article_modified_time":"2025-08-11T22:14:14+00:00","og_image":[{"url":"https:\/\/gms-tunisie.com\/wp-content\/uploads\/2025\/03\/rsz_pexels-steve-mccaul-988600744-20259603-768x754.jpg","type":"","width":"","height":""}],"twitter_card":"summary_large_image","twitter_misc":{"Dur\u00e9e de lecture estim\u00e9e":"1 minute"},"schema":{"@context":"https:\/\/schema.org","@graph":[{"@type":"WebPage","@id":"https:\/\/gms-tunisie.com\/en\/oil-services\/","url":"https:\/\/gms-tunisie.com\/en\/oil-services\/","name":"Oil Services - Global Maritime Services","isPartOf":{"@id":"https:\/\/gms-tunisie.com\/en\/#website"},"primaryImageOfPage":{"@id":"https:\/\/gms-tunisie.com\/en\/oil-services\/#primaryimage"},"image":{"@id":"https:\/\/gms-tunisie.com\/en\/oil-services\/#primaryimage"},"thumbnailUrl":"https:\/\/gms-tunisie.com\/wp-content\/uploads\/2025\/03\/rsz_pexels-steve-mccaul-988600744-20259603-768x754.jpg","datePublished":"2025-03-12T13:36:09+00:00","dateModified":"2025-08-11T22:14:14+00:00","breadcrumb":{"@id":"https:\/\/gms-tunisie.com\/en\/oil-services\/#breadcrumb"},"inLanguage":"fr-FR","potentialAction":[{"@type":"ReadAction","target":["https:\/\/gms-tunisie.com\/en\/oil-services\/"]}]},{"@type":"ImageObject","inLanguage":"fr-FR","@id":"https:\/\/gms-tunisie.com\/en\/oil-services\/#primaryimage","url":"https:\/\/gms-tunisie.com\/wp-content\/uploads\/2025\/03\/rsz_pexels-steve-mccaul-988600744-20259603-768x754.jpg","contentUrl":"https:\/\/gms-tunisie.com\/wp-content\/uploads\/2025\/03\/rsz_pexels-steve-mccaul-988600744-20259603-768x754.jpg"},{"@type":"BreadcrumbList","@id":"https:\/\/gms-tunisie.com\/en\/oil-services\/#breadcrumb","itemListElement":[{"@type":"ListItem","position":1,"name":"Home","item":"https:\/\/gms-tunisie.com\/en\/"},{"@type":"ListItem","position":2,"name":"Oil Services"}]},{"@type":"WebSite","@id":"https:\/\/gms-tunisie.com\/en\/#website","url":"https:\/\/gms-tunisie.com\/en\/","name":"Global Maritime Services","description":"Global Maritime Services","publisher":{"@id":"https:\/\/gms-tunisie.com\/en\/#organization"},"potentialAction":[{"@type":"SearchAction","target":{"@type":"EntryPoint","urlTemplate":"https:\/\/gms-tunisie.com\/en\/?s={search_term_string}"},"query-input":{"@type":"PropertyValueSpecification","valueRequired":true,"valueName":"search_term_string"}}],"inLanguage":"fr-FR"},{"@type":"Organization","@id":"https:\/\/gms-tunisie.com\/en\/#organization","name":"Global Maritime Services","url":"https:\/\/gms-tunisie.com\/en\/","logo":{"@type":"ImageObject","inLanguage":"fr-FR","@id":"https:\/\/gms-tunisie.com\/en\/#\/schema\/logo\/image\/","url":"https:\/\/gms-tunisie.com\/wp-content\/uploads\/2025\/03\/1000015282.png","contentUrl":"https:\/\/gms-tunisie.com\/wp-content\/uploads\/2025\/03\/1000015282.png","width":8192,"height":5789,"caption":"Global Maritime Services"},"image":{"@id":"https:\/\/gms-tunisie.com\/en\/#\/schema\/logo\/image\/"},"sameAs":["https:\/\/www.linkedin.com\/company\/global-maritime-services\/"]}]}},"_links":{"self":[{"href":"https:\/\/gms-tunisie.com\/fr\/wp-json\/wp\/v2\/pages\/1119","targetHints":{"allow":["GET"]}}],"collection":[{"href":"https:\/\/gms-tunisie.com\/fr\/wp-json\/wp\/v2\/pages"}],"about":[{"href":"https:\/\/gms-tunisie.com\/fr\/wp-json\/wp\/v2\/types\/page"}],"author":[{"embeddable":true,"href":"https:\/\/gms-tunisie.com\/fr\/wp-json\/wp\/v2\/users\/1"}],"replies":[{"embeddable":true,"href":"https:\/\/gms-tunisie.com\/fr\/wp-json\/wp\/v2\/comments?post=1119"}],"version-history":[{"count":10,"href":"https:\/\/gms-tunisie.com\/fr\/wp-json\/wp\/v2\/pages\/1119\/revisions"}],"predecessor-version":[{"id":1518,"href":"https:\/\/gms-tunisie.com\/fr\/wp-json\/wp\/v2\/pages\/1119\/revisions\/1518"}],"wp:attachment":[{"href":"https:\/\/gms-tunisie.com\/fr\/wp-json\/wp\/v2\/media?parent=1119"}],"curies":[{"name":"wp","href":"https:\/\/api.w.org\/{rel}","templated":true}]}}