{"id":1106,"date":"2025-03-12T13:31:13","date_gmt":"2025-03-12T13:31:13","guid":{"rendered":"https:\/\/gms.mehdi-elamri.com\/?page_id=1106"},"modified":"2025-08-11T22:17:04","modified_gmt":"2025-08-11T22:17:04","slug":"international-logistics","status":"publish","type":"page","link":"https:\/\/gms-tunisie.com\/fr\/international-logistics\/","title":{"rendered":"Logistique International"},"content":{"rendered":"<div data-elementor-type=\"wp-page\" data-elementor-id=\"1106\" class=\"elementor elementor-1106\" data-elementor-post-type=\"page\">\n\t\t\t\t<div class=\"elementor-element elementor-element-379eb6dd e-flex e-con-boxed e-con e-parent\" data-id=\"379eb6dd\" data-element_type=\"container\" data-e-type=\"container\" data-settings=\"{&quot;background_background&quot;:&quot;classic&quot;}\">\n\t\t\t\t\t<div class=\"e-con-inner\">\n\t\t<div class=\"elementor-element elementor-element-63f34b32 e-con-full e-flex e-con e-child\" data-id=\"63f34b32\" data-element_type=\"container\" data-e-type=\"container\">\n\t\t\t\t<div class=\"elementor-element elementor-element-45de1235 elementor-widget-divider--view-line elementor-widget elementor-widget-divider\" data-id=\"45de1235\" data-element_type=\"widget\" data-e-type=\"widget\" data-widget_type=\"divider.default\">\n\t\t\t\t<div class=\"elementor-widget-container\">\n\t\t\t\t\t\t\t<div class=\"elementor-divider\">\n\t\t\t<span class=\"elementor-divider-separator\">\n\t\t\t\t\t\t<\/span>\n\t\t<\/div>\n\t\t\t\t\t\t<\/div>\n\t\t\t\t<\/div>\n\t\t\t\t<div class=\"elementor-element elementor-element-6a360d6b elementor-widget elementor-widget-heading\" data-id=\"6a360d6b\" data-element_type=\"widget\" data-e-type=\"widget\" data-widget_type=\"heading.default\">\n\t\t\t\t<div class=\"elementor-widget-container\">\n\t\t\t\t\t<h1 class=\"elementor-heading-title elementor-size-default\">Logistique International<\/h1>\t\t\t\t<\/div>\n\t\t\t\t<\/div>\n\t\t\t\t<\/div>\n\t\t\t\t\t<\/div>\n\t\t\t\t<\/div>\n\t\t<div class=\"elementor-element elementor-element-a546ae4 e-flex e-con-boxed e-con e-parent\" data-id=\"a546ae4\" data-element_type=\"container\" data-e-type=\"container\">\n\t\t\t\t\t<div class=\"e-con-inner\">\n\t\t\t\t<div class=\"elementor-element elementor-element-5461bb5f elementor-widget elementor-widget-text-editor\" data-id=\"5461bb5f\" data-element_type=\"widget\" data-e-type=\"widget\" data-widget_type=\"text-editor.default\">\n\t\t\t\t<div class=\"elementor-widget-container\">\n\t\t\t\t\t\t\t\t\t<p>GMS, dans son r\u00f4le en tant que sp\u00e9cialiste de la logistique internationale, guide et organise les flux des marchandises des clients gr\u00e2ce \u00e0 ses sp\u00e9cialit\u00e9s diversifi\u00e9es.<\/p>\t\t\t\t\t\t\t\t<\/div>\n\t\t\t\t<\/div>\n\t\t<div class=\"elementor-element elementor-element-41df247d e-con-full e-flex e-con e-child\" data-id=\"41df247d\" data-element_type=\"container\" data-e-type=\"container\">\n\t\t<div class=\"elementor-element elementor-element-7b1abbc e-con-full e-flex e-con e-child\" data-id=\"7b1abbc\" data-element_type=\"container\" data-e-type=\"container\">\n\t\t\t\t<div class=\"elementor-element elementor-element-75310b2d elementor-widget elementor-widget-image\" data-id=\"75310b2d\" data-element_type=\"widget\" data-e-type=\"widget\" data-widget_type=\"image.default\">\n\t\t\t\t<div class=\"elementor-widget-container\">\n\t\t\t\t\t\t\t\t\t\t\t\t\t\t\t<img fetchpriority=\"high\" decoding=\"async\" width=\"960\" height=\"600\" src=\"https:\/\/gms-tunisie.com\/wp-content\/uploads\/2025\/03\/pngegg-1.png\" class=\"attachment-large size-large wp-image-1316\" alt=\"\" srcset=\"https:\/\/gms-tunisie.com\/wp-content\/uploads\/2025\/03\/pngegg-1.png 960w, https:\/\/gms-tunisie.com\/wp-content\/uploads\/2025\/03\/pngegg-1-300x188.png 300w, https:\/\/gms-tunisie.com\/wp-content\/uploads\/2025\/03\/pngegg-1-768x480.png 768w, https:\/\/gms-tunisie.com\/wp-content\/uploads\/2025\/03\/pngegg-1-18x12.png 18w\" sizes=\"(max-width: 960px) 100vw, 960px\" \/>\t\t\t\t\t\t\t\t\t\t\t\t\t\t\t<\/div>\n\t\t\t\t<\/div>\n\t\t\t\t<div class=\"elementor-element elementor-element-728d91a7 elementor-widget elementor-widget-text-editor\" data-id=\"728d91a7\" data-element_type=\"widget\" data-e-type=\"widget\" data-widget_type=\"text-editor.default\">\n\t\t\t\t<div class=\"elementor-widget-container\">\n\t\t\t\t\t\t\t\t\t<p>GMS est un entrepreneur architecte et principal dans les cha\u00eenes d'approvisionnement internationaux de ses clients: d\u00e9veloppe et organise les solutions de transport impliquant la logistique.<\/p><p>Elle offre une gamme compl\u00e8te de services pour le transport local, national et international.<\/p><p>Que ce soit par route, air ou mer nous nous sp\u00e9cialisons dans le mouvement des marchandises de tous les volumes.<\/p><ul><li>D\u00e9douanement &amp; administration de marchandises.<\/li><li>Oc\u00e9an, air &amp; transbordement de fret.<\/li><li>Porte \u00e0 porte services.<\/li><li>Transports locaux et internationaux.<\/li><li>Exp\u00e9dition consolidation.<\/li><li>Toute activit\u00e9 d'entreposage et de distribution.<\/li><li>Offer our customers the products and services they want, when and where they need it.<\/li><\/ul>\t\t\t\t\t\t\t\t<\/div>\n\t\t\t\t<\/div>\n\t\t\t\t<\/div>\n\t\t\t\t<\/div>\n\t\t<div class=\"elementor-element elementor-element-71e108e e-con-full e-flex e-con e-child\" data-id=\"71e108e\" data-element_type=\"container\" data-e-type=\"container\">\n\t\t\t\t<div class=\"elementor-element elementor-element-f4ebf98 elementor-widget elementor-widget-heading\" data-id=\"f4ebf98\" data-element_type=\"widget\" data-e-type=\"widget\" data-widget_type=\"heading.default\">\n\t\t\t\t<div class=\"elementor-widget-container\">\n\t\t\t\t\t<h2 class=\"elementor-heading-title elementor-size-default\">Entreposage et Distribution <\/h2>\t\t\t\t<\/div>\n\t\t\t\t<\/div>\n\t\t<div class=\"elementor-element elementor-element-d743f38 e-con-full e-flex e-con e-child\" data-id=\"d743f38\" data-element_type=\"container\" data-e-type=\"container\">\n\t\t\t\t<div class=\"elementor-element elementor-element-e307192 elementor-widget elementor-widget-text-editor\" data-id=\"e307192\" data-element_type=\"widget\" data-e-type=\"widget\" data-widget_type=\"text-editor.default\">\n\t\t\t\t<div class=\"elementor-widget-container\">\n\t\t\t\t\t\t\t\t\t<p>L\u2019Agence Global Maritime Services offre \u00e0 ses clients des services complets d\u2019entreposage et de distribution en douanes et hors douanes comprenant:<\/p><ul><li>Gestion de stock.<\/li><li>Gestion d\u2019inventaire.<\/li><li>Chargement et d\u00e9chargement des conteneurs.<\/li><li>D\u00e9consolidation.<\/li><li>Distribution et livraison.<\/li><\/ul>\t\t\t\t\t\t\t\t<\/div>\n\t\t\t\t<\/div>\n\t\t\t\t<div class=\"elementor-element elementor-element-a197140 elementor-widget elementor-widget-image\" data-id=\"a197140\" data-element_type=\"widget\" data-e-type=\"widget\" data-widget_type=\"image.default\">\n\t\t\t\t<div class=\"elementor-widget-container\">\n\t\t\t\t\t\t\t\t\t\t\t\t\t\t\t<img decoding=\"async\" width=\"1536\" height=\"608\" src=\"https:\/\/gms-tunisie.com\/wp-content\/uploads\/2025\/03\/pngegg-2-1536x608.png\" class=\"attachment-1536x1536 size-1536x1536 wp-image-1317\" alt=\"\" srcset=\"https:\/\/gms-tunisie.com\/wp-content\/uploads\/2025\/03\/pngegg-2-1536x608.png 1536w, https:\/\/gms-tunisie.com\/wp-content\/uploads\/2025\/03\/pngegg-2-300x119.png 300w, https:\/\/gms-tunisie.com\/wp-content\/uploads\/2025\/03\/pngegg-2-1024x405.png 1024w, https:\/\/gms-tunisie.com\/wp-content\/uploads\/2025\/03\/pngegg-2-768x304.png 768w, https:\/\/gms-tunisie.com\/wp-content\/uploads\/2025\/03\/pngegg-2-2048x811.png 2048w, https:\/\/gms-tunisie.com\/wp-content\/uploads\/2025\/03\/pngegg-2-18x7.png 18w\" sizes=\"(max-width: 1536px) 100vw, 1536px\" \/>\t\t\t\t\t\t\t\t\t\t\t\t\t\t\t<\/div>\n\t\t\t\t<\/div>\n\t\t\t\t<\/div>\n\t\t\t\t<\/div>\n\t\t<div class=\"elementor-element elementor-element-3f9838c e-con-full e-flex e-con e-child\" data-id=\"3f9838c\" data-element_type=\"container\" data-e-type=\"container\">\n\t\t\t\t<div class=\"elementor-element elementor-element-e49490a elementor-widget elementor-widget-heading\" data-id=\"e49490a\" data-element_type=\"widget\" data-e-type=\"widget\" data-widget_type=\"heading.default\">\n\t\t\t\t<div class=\"elementor-widget-container\">\n\t\t\t\t\t<h2 class=\"elementor-heading-title elementor-size-default\">D\u00e9douanement<\/h2>\t\t\t\t<\/div>\n\t\t\t\t<\/div>\n\t\t\t\t<div class=\"elementor-element elementor-element-08f0024 elementor-widget elementor-widget-text-editor\" data-id=\"08f0024\" data-element_type=\"widget\" data-e-type=\"widget\" data-widget_type=\"text-editor.default\">\n\t\t\t\t<div class=\"elementor-widget-container\">\n\t\t\t\t\t\t\t\t\t<p>L\u2019exp\u00e9rience des formalit\u00e9s administratives et douani\u00e8res Logistics permet d\u2019acc\u00e9l\u00e9rer la disponibilit\u00e9 de vos marchandises sur vos sites dans le strict respect de la r\u00e9glementation et des proc\u00e9dures propres \u00e0 chaque pays.<\/p>\t\t\t\t\t\t\t\t<\/div>\n\t\t\t\t<\/div>\n\t\t\t\t<div class=\"elementor-element elementor-element-723eb39 elementor-widget elementor-widget-text-editor\" data-id=\"723eb39\" data-element_type=\"widget\" data-e-type=\"widget\" data-widget_type=\"text-editor.default\">\n\t\t\t\t<div class=\"elementor-widget-container\">\n\t\t\t\t\t\t\t\t\t<p>B\u00e9n\u00e9ficiant d\u2019un r\u00e9seau \u00e9tendu, peut anticiper les contr\u00f4les et les formalit\u00e9s n\u00e9cessaires \u00e0 l\u2019acheminement de vos marchandises (pr\u00e9paration en amont du transport des documents et pi\u00e8ces \u00e0 fournir) vous assurant ainsi un gain de temps pr\u00e9cieux.\u00a0<\/p><p>De plus, le respect de proc\u00e9dures rigoureuses et le d\u00e9ploiement de solutions informatiques ad\u00e9quates vous assure une bonne gestion de vos op\u00e9rations douani\u00e8res.<\/p>\t\t\t\t\t\t\t\t<\/div>\n\t\t\t\t<\/div>\n\t\t\t\t<\/div>\n\t\t\t\t\t<\/div>\n\t\t\t\t<\/div>\n\t\t\t\t<\/div>","protected":false},"excerpt":{"rendered":"<p>International Logistics GMS, in its role as a specialist in international logistics , guide and organize the flow of goods by customers thanks to its diverse specialties. GMS is an architect and main contractor in international supply chains of its customers: develops and organizes transport solutions involving logistics. It offers a full range of services [&hellip;]<\/p>\n","protected":false},"author":1,"featured_media":0,"parent":0,"menu_order":0,"comment_status":"closed","ping_status":"closed","template":"","meta":{"site-sidebar-layout":"no-sidebar","site-content-layout":"page-builder","ast-site-content-layout":"full-width-container","site-content-style":"default","site-sidebar-style":"default","ast-global-header-display":"","ast-banner-title-visibility":"","ast-main-header-display":"","ast-hfb-above-header-display":"","ast-hfb-below-header-display":"","ast-hfb-mobile-header-display":"","site-post-title":"disabled","ast-breadcrumbs-content":"","ast-featured-img":"disabled","footer-sml-layout":"","theme-transparent-header-meta":"","adv-header-id-meta":"","stick-header-meta":"","header-above-stick-meta":"","header-main-stick-meta":"","header-below-stick-meta":"","astra-migrate-meta-layouts":"set","ast-page-background-enabled":"default","ast-page-background-meta":{"desktop":{"background-color":"","background-image":"","background-repeat":"repeat","background-position":"center center","background-size":"auto","background-attachment":"scroll","background-type":"","background-media":"","overlay-type":"","overlay-color":"","overlay-opacity":"","overlay-gradient":""},"tablet":{"background-color":"","background-image":"","background-repeat":"repeat","background-position":"center center","background-size":"auto","background-attachment":"scroll","background-type":"","background-media":"","overlay-type":"","overlay-color":"","overlay-opacity":"","overlay-gradient":""},"mobile":{"background-color":"","background-image":"","background-repeat":"repeat","background-position":"center center","background-size":"auto","background-attachment":"scroll","background-type":"","background-media":"","overlay-type":"","overlay-color":"","overlay-opacity":"","overlay-gradient":""}},"ast-content-background-meta":{"desktop":{"background-color":"var(--ast-global-color-5)","background-image":"","background-repeat":"repeat","background-position":"center center","background-size":"auto","background-attachment":"scroll","background-type":"","background-media":"","overlay-type":"","overlay-color":"","overlay-opacity":"","overlay-gradient":""},"tablet":{"background-color":"var(--ast-global-color-5)","background-image":"","background-repeat":"repeat","background-position":"center center","background-size":"auto","background-attachment":"scroll","background-type":"","background-media":"","overlay-type":"","overlay-color":"","overlay-opacity":"","overlay-gradient":""},"mobile":{"background-color":"var(--ast-global-color-5)","background-image":"","background-repeat":"repeat","background-position":"center center","background-size":"auto","background-attachment":"scroll","background-type":"","background-media":"","overlay-type":"","overlay-color":"","overlay-opacity":"","overlay-gradient":""}},"footnotes":""},"class_list":["post-1106","page","type-page","status-publish","hentry"],"yoast_head":"<!-- This site is optimized with the Yoast SEO plugin v27.2 - https:\/\/yoast.com\/product\/yoast-seo-wordpress\/ -->\n<title>International Logistics - Global Maritime Services<\/title>\n<meta name=\"robots\" content=\"index, follow, max-snippet:-1, max-image-preview:large, max-video-preview:-1\" \/>\n<link rel=\"canonical\" href=\"https:\/\/gms-tunisie.com\/fr\/international-logistics\/\" \/>\n<meta property=\"og:locale\" content=\"fr_FR\" \/>\n<meta property=\"og:type\" content=\"article\" \/>\n<meta property=\"og:title\" content=\"International Logistics - Global Maritime Services\" \/>\n<meta property=\"og:description\" content=\"International Logistics GMS, in its role as a specialist in international logistics , guide and organize the flow of goods by customers thanks to its diverse specialties. GMS is an architect and main contractor in international supply chains of its customers: develops and organizes transport solutions involving logistics. It offers a full range of services [&hellip;]\" \/>\n<meta property=\"og:url\" content=\"https:\/\/gms-tunisie.com\/fr\/international-logistics\/\" \/>\n<meta property=\"og:site_name\" content=\"Global Maritime Services\" \/>\n<meta property=\"article:modified_time\" content=\"2025-08-11T22:17:04+00:00\" \/>\n<meta property=\"og:image\" content=\"https:\/\/gms-tunisie.com\/wp-content\/uploads\/2025\/03\/pngegg-1.png\" \/>\n<meta name=\"twitter:card\" content=\"summary_large_image\" \/>\n<meta name=\"twitter:label1\" content=\"Dur\u00e9e de lecture estim\u00e9e\" \/>\n\t<meta name=\"twitter:data1\" content=\"1 minute\" \/>\n<script type=\"application\/ld+json\" class=\"yoast-schema-graph\">{\"@context\":\"https:\/\/schema.org\",\"@graph\":[{\"@type\":\"WebPage\",\"@id\":\"https:\/\/gms-tunisie.com\/en\/international-logistics\/\",\"url\":\"https:\/\/gms-tunisie.com\/en\/international-logistics\/\",\"name\":\"International Logistics - Global Maritime Services\",\"isPartOf\":{\"@id\":\"https:\/\/gms-tunisie.com\/en\/#website\"},\"primaryImageOfPage\":{\"@id\":\"https:\/\/gms-tunisie.com\/en\/international-logistics\/#primaryimage\"},\"image\":{\"@id\":\"https:\/\/gms-tunisie.com\/en\/international-logistics\/#primaryimage\"},\"thumbnailUrl\":\"https:\/\/gms-tunisie.com\/wp-content\/uploads\/2025\/03\/pngegg-1.png\",\"datePublished\":\"2025-03-12T13:31:13+00:00\",\"dateModified\":\"2025-08-11T22:17:04+00:00\",\"breadcrumb\":{\"@id\":\"https:\/\/gms-tunisie.com\/en\/international-logistics\/#breadcrumb\"},\"inLanguage\":\"fr-FR\",\"potentialAction\":[{\"@type\":\"ReadAction\",\"target\":[\"https:\/\/gms-tunisie.com\/en\/international-logistics\/\"]}]},{\"@type\":\"ImageObject\",\"inLanguage\":\"fr-FR\",\"@id\":\"https:\/\/gms-tunisie.com\/en\/international-logistics\/#primaryimage\",\"url\":\"https:\/\/gms-tunisie.com\/wp-content\/uploads\/2025\/03\/pngegg-1.png\",\"contentUrl\":\"https:\/\/gms-tunisie.com\/wp-content\/uploads\/2025\/03\/pngegg-1.png\"},{\"@type\":\"BreadcrumbList\",\"@id\":\"https:\/\/gms-tunisie.com\/en\/international-logistics\/#breadcrumb\",\"itemListElement\":[{\"@type\":\"ListItem\",\"position\":1,\"name\":\"Home\",\"item\":\"https:\/\/gms-tunisie.com\/en\/\"},{\"@type\":\"ListItem\",\"position\":2,\"name\":\"International Logistics\"}]},{\"@type\":\"WebSite\",\"@id\":\"https:\/\/gms-tunisie.com\/en\/#website\",\"url\":\"https:\/\/gms-tunisie.com\/en\/\",\"name\":\"Global Maritime Services\",\"description\":\"Global Maritime Services\",\"publisher\":{\"@id\":\"https:\/\/gms-tunisie.com\/en\/#organization\"},\"potentialAction\":[{\"@type\":\"SearchAction\",\"target\":{\"@type\":\"EntryPoint\",\"urlTemplate\":\"https:\/\/gms-tunisie.com\/en\/?s={search_term_string}\"},\"query-input\":{\"@type\":\"PropertyValueSpecification\",\"valueRequired\":true,\"valueName\":\"search_term_string\"}}],\"inLanguage\":\"fr-FR\"},{\"@type\":\"Organization\",\"@id\":\"https:\/\/gms-tunisie.com\/en\/#organization\",\"name\":\"Global Maritime Services\",\"url\":\"https:\/\/gms-tunisie.com\/en\/\",\"logo\":{\"@type\":\"ImageObject\",\"inLanguage\":\"fr-FR\",\"@id\":\"https:\/\/gms-tunisie.com\/en\/#\/schema\/logo\/image\/\",\"url\":\"https:\/\/gms-tunisie.com\/wp-content\/uploads\/2025\/03\/1000015282.png\",\"contentUrl\":\"https:\/\/gms-tunisie.com\/wp-content\/uploads\/2025\/03\/1000015282.png\",\"width\":8192,\"height\":5789,\"caption\":\"Global Maritime Services\"},\"image\":{\"@id\":\"https:\/\/gms-tunisie.com\/en\/#\/schema\/logo\/image\/\"},\"sameAs\":[\"https:\/\/www.linkedin.com\/company\/global-maritime-services\/\"]}]}<\/script>\n<!-- \/ Yoast SEO plugin. -->","yoast_head_json":{"title":"International Logistics - Global Maritime Services","robots":{"index":"index","follow":"follow","max-snippet":"max-snippet:-1","max-image-preview":"max-image-preview:large","max-video-preview":"max-video-preview:-1"},"canonical":"https:\/\/gms-tunisie.com\/fr\/international-logistics\/","og_locale":"fr_FR","og_type":"article","og_title":"International Logistics - Global Maritime Services","og_description":"International Logistics GMS, in its role as a specialist in international logistics , guide and organize the flow of goods by customers thanks to its diverse specialties. GMS is an architect and main contractor in international supply chains of its customers: develops and organizes transport solutions involving logistics. It offers a full range of services [&hellip;]","og_url":"https:\/\/gms-tunisie.com\/fr\/international-logistics\/","og_site_name":"Global Maritime Services","article_modified_time":"2025-08-11T22:17:04+00:00","og_image":[{"url":"https:\/\/gms-tunisie.com\/wp-content\/uploads\/2025\/03\/pngegg-1.png","type":"","width":"","height":""}],"twitter_card":"summary_large_image","twitter_misc":{"Dur\u00e9e de lecture estim\u00e9e":"1 minute"},"schema":{"@context":"https:\/\/schema.org","@graph":[{"@type":"WebPage","@id":"https:\/\/gms-tunisie.com\/en\/international-logistics\/","url":"https:\/\/gms-tunisie.com\/en\/international-logistics\/","name":"International Logistics - Global Maritime Services","isPartOf":{"@id":"https:\/\/gms-tunisie.com\/en\/#website"},"primaryImageOfPage":{"@id":"https:\/\/gms-tunisie.com\/en\/international-logistics\/#primaryimage"},"image":{"@id":"https:\/\/gms-tunisie.com\/en\/international-logistics\/#primaryimage"},"thumbnailUrl":"https:\/\/gms-tunisie.com\/wp-content\/uploads\/2025\/03\/pngegg-1.png","datePublished":"2025-03-12T13:31:13+00:00","dateModified":"2025-08-11T22:17:04+00:00","breadcrumb":{"@id":"https:\/\/gms-tunisie.com\/en\/international-logistics\/#breadcrumb"},"inLanguage":"fr-FR","potentialAction":[{"@type":"ReadAction","target":["https:\/\/gms-tunisie.com\/en\/international-logistics\/"]}]},{"@type":"ImageObject","inLanguage":"fr-FR","@id":"https:\/\/gms-tunisie.com\/en\/international-logistics\/#primaryimage","url":"https:\/\/gms-tunisie.com\/wp-content\/uploads\/2025\/03\/pngegg-1.png","contentUrl":"https:\/\/gms-tunisie.com\/wp-content\/uploads\/2025\/03\/pngegg-1.png"},{"@type":"BreadcrumbList","@id":"https:\/\/gms-tunisie.com\/en\/international-logistics\/#breadcrumb","itemListElement":[{"@type":"ListItem","position":1,"name":"Home","item":"https:\/\/gms-tunisie.com\/en\/"},{"@type":"ListItem","position":2,"name":"International Logistics"}]},{"@type":"WebSite","@id":"https:\/\/gms-tunisie.com\/en\/#website","url":"https:\/\/gms-tunisie.com\/en\/","name":"Global Maritime Services","description":"Global Maritime Services","publisher":{"@id":"https:\/\/gms-tunisie.com\/en\/#organization"},"potentialAction":[{"@type":"SearchAction","target":{"@type":"EntryPoint","urlTemplate":"https:\/\/gms-tunisie.com\/en\/?s={search_term_string}"},"query-input":{"@type":"PropertyValueSpecification","valueRequired":true,"valueName":"search_term_string"}}],"inLanguage":"fr-FR"},{"@type":"Organization","@id":"https:\/\/gms-tunisie.com\/en\/#organization","name":"Global Maritime Services","url":"https:\/\/gms-tunisie.com\/en\/","logo":{"@type":"ImageObject","inLanguage":"fr-FR","@id":"https:\/\/gms-tunisie.com\/en\/#\/schema\/logo\/image\/","url":"https:\/\/gms-tunisie.com\/wp-content\/uploads\/2025\/03\/1000015282.png","contentUrl":"https:\/\/gms-tunisie.com\/wp-content\/uploads\/2025\/03\/1000015282.png","width":8192,"height":5789,"caption":"Global Maritime Services"},"image":{"@id":"https:\/\/gms-tunisie.com\/en\/#\/schema\/logo\/image\/"},"sameAs":["https:\/\/www.linkedin.com\/company\/global-maritime-services\/"]}]}},"_links":{"self":[{"href":"https:\/\/gms-tunisie.com\/fr\/wp-json\/wp\/v2\/pages\/1106","targetHints":{"allow":["GET"]}}],"collection":[{"href":"https:\/\/gms-tunisie.com\/fr\/wp-json\/wp\/v2\/pages"}],"about":[{"href":"https:\/\/gms-tunisie.com\/fr\/wp-json\/wp\/v2\/types\/page"}],"author":[{"embeddable":true,"href":"https:\/\/gms-tunisie.com\/fr\/wp-json\/wp\/v2\/users\/1"}],"replies":[{"embeddable":true,"href":"https:\/\/gms-tunisie.com\/fr\/wp-json\/wp\/v2\/comments?post=1106"}],"version-history":[{"count":32,"href":"https:\/\/gms-tunisie.com\/fr\/wp-json\/wp\/v2\/pages\/1106\/revisions"}],"predecessor-version":[{"id":1533,"href":"https:\/\/gms-tunisie.com\/fr\/wp-json\/wp\/v2\/pages\/1106\/revisions\/1533"}],"wp:attachment":[{"href":"https:\/\/gms-tunisie.com\/fr\/wp-json\/wp\/v2\/media?parent=1106"}],"curies":[{"name":"wp","href":"https:\/\/api.w.org\/{rel}","templated":true}]}}