{"id":1092,"date":"2025-03-12T13:35:06","date_gmt":"2025-03-12T13:35:06","guid":{"rendered":"https:\/\/gms.mehdi-elamri.com\/?page_id=1092"},"modified":"2025-08-11T22:15:44","modified_gmt":"2025-08-11T22:15:44","slug":"charter","status":"publish","type":"page","link":"https:\/\/gms-tunisie.com\/fr\/charter\/","title":{"rendered":"Affr\u00e8tement"},"content":{"rendered":"<div data-elementor-type=\"wp-page\" data-elementor-id=\"1092\" class=\"elementor elementor-1092\" data-elementor-post-type=\"page\">\n\t\t\t\t<div class=\"elementor-element elementor-element-1f2b8b9a e-flex e-con-boxed e-con e-parent\" data-id=\"1f2b8b9a\" data-element_type=\"container\" data-e-type=\"container\" data-settings=\"{&quot;background_background&quot;:&quot;classic&quot;}\">\n\t\t\t\t\t<div class=\"e-con-inner\">\n\t\t<div class=\"elementor-element elementor-element-616ae7b3 e-con-full e-flex e-con e-child\" data-id=\"616ae7b3\" data-element_type=\"container\" data-e-type=\"container\">\n\t\t\t\t<div class=\"elementor-element elementor-element-695849d9 elementor-widget-divider--view-line elementor-widget elementor-widget-divider\" data-id=\"695849d9\" data-element_type=\"widget\" data-e-type=\"widget\" data-widget_type=\"divider.default\">\n\t\t\t\t<div class=\"elementor-widget-container\">\n\t\t\t\t\t\t\t<div class=\"elementor-divider\">\n\t\t\t<span class=\"elementor-divider-separator\">\n\t\t\t\t\t\t<\/span>\n\t\t<\/div>\n\t\t\t\t\t\t<\/div>\n\t\t\t\t<\/div>\n\t\t\t\t<div class=\"elementor-element elementor-element-11b4cf28 elementor-widget elementor-widget-heading\" data-id=\"11b4cf28\" data-element_type=\"widget\" data-e-type=\"widget\" data-widget_type=\"heading.default\">\n\t\t\t\t<div class=\"elementor-widget-container\">\n\t\t\t\t\t<h1 class=\"elementor-heading-title elementor-size-default\">Affr\u00e8tement<\/h1>\t\t\t\t<\/div>\n\t\t\t\t<\/div>\n\t\t\t\t<\/div>\n\t\t\t\t\t<\/div>\n\t\t\t\t<\/div>\n\t\t<div class=\"elementor-element elementor-element-62a9a827 e-flex e-con-boxed e-con e-parent\" data-id=\"62a9a827\" data-element_type=\"container\" data-e-type=\"container\">\n\t\t\t\t\t<div class=\"e-con-inner\">\n\t\t\t\t<div class=\"elementor-element elementor-element-b394776 elementor-widget elementor-widget-text-editor\" data-id=\"b394776\" data-element_type=\"widget\" data-e-type=\"widget\" data-widget_type=\"text-editor.default\">\n\t\t\t\t<div class=\"elementor-widget-container\">\n\t\t\t\t\t\t\t\t\t<p>G.M.S entretient d\u2019\u00e9troites relations avec d\u2019une part de nombreux armateurs de caboteurs et d\u2019autre part les soci\u00e9t\u00e9s de n\u00e9goce op\u00e9rant des cargaisons. L\u2019\u00e9quipe d\u2019affr\u00e8tement travaille quotidiennement \u00e0 rapprocher l\u2019offre de tonnage disponible \u00e0 l\u2019offre de cargaisons.<\/p>\t\t\t\t\t\t\t\t<\/div>\n\t\t\t\t<\/div>\n\t\t\t\t<div class=\"elementor-element elementor-element-8f64bb3 elementor-widget elementor-widget-heading\" data-id=\"8f64bb3\" data-element_type=\"widget\" data-e-type=\"widget\" data-widget_type=\"heading.default\">\n\t\t\t\t<div class=\"elementor-widget-container\">\n\t\t\t\t\t<h2 class=\"elementor-heading-title elementor-size-default\">Courtier d\u2019affaitement de navires.<\/h2>\t\t\t\t<\/div>\n\t\t\t\t<\/div>\n\t\t\t\t<div class=\"elementor-element elementor-element-5760243a elementor-widget elementor-widget-text-editor\" data-id=\"5760243a\" data-element_type=\"widget\" data-e-type=\"widget\" data-widget_type=\"text-editor.default\">\n\t\t\t\t<div class=\"elementor-widget-container\">\n\t\t\t\t\t\t\t\t\t<p>GMS est un prestataire leader de solutions de logistique maritime et d\u2019affr\u00e8tement. Elle utilise la ressource collective, l'expertise et la puissance d'achat de notre r\u00e9seau mondial au profit de nos clients.<\/p><p>Son \u00e9quipe de sp\u00e9cialistes fournit une expertise dans toutes les phases de gestion de la logistique int\u00e9gr\u00e9e.<\/p><p>GMS dispose d'une gamme compl\u00e8te de services d\u2019affr\u00e8tement.<\/p><p>Gr\u00e2ce \u00e0 nos bureaux et agents, elle fournit des solutions de transport maritime personnalis\u00e9 pour r\u00e9pondre \u00e0 tous les besoins des clients.\u200b<\/p>\t\t\t\t\t\t\t\t<\/div>\n\t\t\t\t<\/div>\n\t\t\t\t\t<\/div>\n\t\t\t\t<\/div>\n\t\t\t\t<\/div>","protected":false},"excerpt":{"rendered":"<p>Charter G.M.S has a close relationship with one hand many shipowners coasters and other trading companies operating cargo. The team works daily to bring charter tonnage supply available to supply cargo. We propose as appropriate for single or tweendeckers ships, grated or not, for a wide variety of products in bulk or in bags. Broker [&hellip;]<\/p>\n","protected":false},"author":1,"featured_media":0,"parent":0,"menu_order":0,"comment_status":"closed","ping_status":"closed","template":"","meta":{"site-sidebar-layout":"no-sidebar","site-content-layout":"page-builder","ast-site-content-layout":"full-width-container","site-content-style":"unboxed","site-sidebar-style":"unboxed","ast-global-header-display":"","ast-banner-title-visibility":"","ast-main-header-display":"","ast-hfb-above-header-display":"","ast-hfb-below-header-display":"","ast-hfb-mobile-header-display":"","site-post-title":"disabled","ast-breadcrumbs-content":"","ast-featured-img":"disabled","footer-sml-layout":"","theme-transparent-header-meta":"","adv-header-id-meta":"","stick-header-meta":"","header-above-stick-meta":"","header-main-stick-meta":"","header-below-stick-meta":"","astra-migrate-meta-layouts":"set","ast-page-background-enabled":"default","ast-page-background-meta":{"desktop":{"background-color":"","background-image":"","background-repeat":"repeat","background-position":"center center","background-size":"auto","background-attachment":"scroll","background-type":"","background-media":"","overlay-type":"","overlay-color":"","overlay-opacity":"","overlay-gradient":""},"tablet":{"background-color":"","background-image":"","background-repeat":"repeat","background-position":"center center","background-size":"auto","background-attachment":"scroll","background-type":"","background-media":"","overlay-type":"","overlay-color":"","overlay-opacity":"","overlay-gradient":""},"mobile":{"background-color":"","background-image":"","background-repeat":"repeat","background-position":"center center","background-size":"auto","background-attachment":"scroll","background-type":"","background-media":"","overlay-type":"","overlay-color":"","overlay-opacity":"","overlay-gradient":""}},"ast-content-background-meta":{"desktop":{"background-color":"var(--ast-global-color-5)","background-image":"","background-repeat":"repeat","background-position":"center center","background-size":"auto","background-attachment":"scroll","background-type":"","background-media":"","overlay-type":"","overlay-color":"","overlay-opacity":"","overlay-gradient":""},"tablet":{"background-color":"var(--ast-global-color-5)","background-image":"","background-repeat":"repeat","background-position":"center center","background-size":"auto","background-attachment":"scroll","background-type":"","background-media":"","overlay-type":"","overlay-color":"","overlay-opacity":"","overlay-gradient":""},"mobile":{"background-color":"var(--ast-global-color-5)","background-image":"","background-repeat":"repeat","background-position":"center center","background-size":"auto","background-attachment":"scroll","background-type":"","background-media":"","overlay-type":"","overlay-color":"","overlay-opacity":"","overlay-gradient":""}},"footnotes":""},"class_list":["post-1092","page","type-page","status-publish","hentry"],"yoast_head":"<!-- This site is optimized with the Yoast SEO plugin v27.2 - https:\/\/yoast.com\/product\/yoast-seo-wordpress\/ -->\n<title>Charter - Global Maritime Services<\/title>\n<meta name=\"robots\" content=\"index, follow, max-snippet:-1, max-image-preview:large, max-video-preview:-1\" \/>\n<link rel=\"canonical\" href=\"https:\/\/gms-tunisie.com\/fr\/charter\/\" \/>\n<meta property=\"og:locale\" content=\"fr_FR\" \/>\n<meta property=\"og:type\" content=\"article\" \/>\n<meta property=\"og:title\" content=\"Charter - Global Maritime Services\" \/>\n<meta property=\"og:description\" content=\"Charter G.M.S has a close relationship with one hand many shipowners coasters and other trading companies operating cargo. The team works daily to bring charter tonnage supply available to supply cargo. We propose as appropriate for single or tweendeckers ships, grated or not, for a wide variety of products in bulk or in bags. Broker [&hellip;]\" \/>\n<meta property=\"og:url\" content=\"https:\/\/gms-tunisie.com\/fr\/charter\/\" \/>\n<meta property=\"og:site_name\" content=\"Global Maritime Services\" \/>\n<meta property=\"article:modified_time\" content=\"2025-08-11T22:15:44+00:00\" \/>\n<meta name=\"twitter:card\" content=\"summary_large_image\" \/>\n<meta name=\"twitter:label1\" content=\"Dur\u00e9e de lecture estim\u00e9e\" \/>\n\t<meta name=\"twitter:data1\" content=\"1 minute\" \/>\n<script type=\"application\/ld+json\" class=\"yoast-schema-graph\">{\"@context\":\"https:\/\/schema.org\",\"@graph\":[{\"@type\":\"WebPage\",\"@id\":\"https:\/\/gms-tunisie.com\/en\/charter\/\",\"url\":\"https:\/\/gms-tunisie.com\/en\/charter\/\",\"name\":\"Charter - Global Maritime Services\",\"isPartOf\":{\"@id\":\"https:\/\/gms-tunisie.com\/en\/#website\"},\"datePublished\":\"2025-03-12T13:35:06+00:00\",\"dateModified\":\"2025-08-11T22:15:44+00:00\",\"breadcrumb\":{\"@id\":\"https:\/\/gms-tunisie.com\/en\/charter\/#breadcrumb\"},\"inLanguage\":\"fr-FR\",\"potentialAction\":[{\"@type\":\"ReadAction\",\"target\":[\"https:\/\/gms-tunisie.com\/en\/charter\/\"]}]},{\"@type\":\"BreadcrumbList\",\"@id\":\"https:\/\/gms-tunisie.com\/en\/charter\/#breadcrumb\",\"itemListElement\":[{\"@type\":\"ListItem\",\"position\":1,\"name\":\"Home\",\"item\":\"https:\/\/gms-tunisie.com\/en\/\"},{\"@type\":\"ListItem\",\"position\":2,\"name\":\"Charter\"}]},{\"@type\":\"WebSite\",\"@id\":\"https:\/\/gms-tunisie.com\/en\/#website\",\"url\":\"https:\/\/gms-tunisie.com\/en\/\",\"name\":\"Global Maritime Services\",\"description\":\"Global Maritime Services\",\"publisher\":{\"@id\":\"https:\/\/gms-tunisie.com\/en\/#organization\"},\"potentialAction\":[{\"@type\":\"SearchAction\",\"target\":{\"@type\":\"EntryPoint\",\"urlTemplate\":\"https:\/\/gms-tunisie.com\/en\/?s={search_term_string}\"},\"query-input\":{\"@type\":\"PropertyValueSpecification\",\"valueRequired\":true,\"valueName\":\"search_term_string\"}}],\"inLanguage\":\"fr-FR\"},{\"@type\":\"Organization\",\"@id\":\"https:\/\/gms-tunisie.com\/en\/#organization\",\"name\":\"Global Maritime Services\",\"url\":\"https:\/\/gms-tunisie.com\/en\/\",\"logo\":{\"@type\":\"ImageObject\",\"inLanguage\":\"fr-FR\",\"@id\":\"https:\/\/gms-tunisie.com\/en\/#\/schema\/logo\/image\/\",\"url\":\"https:\/\/gms-tunisie.com\/wp-content\/uploads\/2025\/03\/1000015282.png\",\"contentUrl\":\"https:\/\/gms-tunisie.com\/wp-content\/uploads\/2025\/03\/1000015282.png\",\"width\":8192,\"height\":5789,\"caption\":\"Global Maritime Services\"},\"image\":{\"@id\":\"https:\/\/gms-tunisie.com\/en\/#\/schema\/logo\/image\/\"},\"sameAs\":[\"https:\/\/www.linkedin.com\/company\/global-maritime-services\/\"]}]}<\/script>\n<!-- \/ Yoast SEO plugin. -->","yoast_head_json":{"title":"Charter - Global Maritime Services","robots":{"index":"index","follow":"follow","max-snippet":"max-snippet:-1","max-image-preview":"max-image-preview:large","max-video-preview":"max-video-preview:-1"},"canonical":"https:\/\/gms-tunisie.com\/fr\/charter\/","og_locale":"fr_FR","og_type":"article","og_title":"Charter - Global Maritime Services","og_description":"Charter G.M.S has a close relationship with one hand many shipowners coasters and other trading companies operating cargo. The team works daily to bring charter tonnage supply available to supply cargo. We propose as appropriate for single or tweendeckers ships, grated or not, for a wide variety of products in bulk or in bags. Broker [&hellip;]","og_url":"https:\/\/gms-tunisie.com\/fr\/charter\/","og_site_name":"Global Maritime Services","article_modified_time":"2025-08-11T22:15:44+00:00","twitter_card":"summary_large_image","twitter_misc":{"Dur\u00e9e de lecture estim\u00e9e":"1 minute"},"schema":{"@context":"https:\/\/schema.org","@graph":[{"@type":"WebPage","@id":"https:\/\/gms-tunisie.com\/en\/charter\/","url":"https:\/\/gms-tunisie.com\/en\/charter\/","name":"Charter - Global Maritime Services","isPartOf":{"@id":"https:\/\/gms-tunisie.com\/en\/#website"},"datePublished":"2025-03-12T13:35:06+00:00","dateModified":"2025-08-11T22:15:44+00:00","breadcrumb":{"@id":"https:\/\/gms-tunisie.com\/en\/charter\/#breadcrumb"},"inLanguage":"fr-FR","potentialAction":[{"@type":"ReadAction","target":["https:\/\/gms-tunisie.com\/en\/charter\/"]}]},{"@type":"BreadcrumbList","@id":"https:\/\/gms-tunisie.com\/en\/charter\/#breadcrumb","itemListElement":[{"@type":"ListItem","position":1,"name":"Home","item":"https:\/\/gms-tunisie.com\/en\/"},{"@type":"ListItem","position":2,"name":"Charter"}]},{"@type":"WebSite","@id":"https:\/\/gms-tunisie.com\/en\/#website","url":"https:\/\/gms-tunisie.com\/en\/","name":"Global Maritime Services","description":"Global Maritime Services","publisher":{"@id":"https:\/\/gms-tunisie.com\/en\/#organization"},"potentialAction":[{"@type":"SearchAction","target":{"@type":"EntryPoint","urlTemplate":"https:\/\/gms-tunisie.com\/en\/?s={search_term_string}"},"query-input":{"@type":"PropertyValueSpecification","valueRequired":true,"valueName":"search_term_string"}}],"inLanguage":"fr-FR"},{"@type":"Organization","@id":"https:\/\/gms-tunisie.com\/en\/#organization","name":"Global Maritime Services","url":"https:\/\/gms-tunisie.com\/en\/","logo":{"@type":"ImageObject","inLanguage":"fr-FR","@id":"https:\/\/gms-tunisie.com\/en\/#\/schema\/logo\/image\/","url":"https:\/\/gms-tunisie.com\/wp-content\/uploads\/2025\/03\/1000015282.png","contentUrl":"https:\/\/gms-tunisie.com\/wp-content\/uploads\/2025\/03\/1000015282.png","width":8192,"height":5789,"caption":"Global Maritime Services"},"image":{"@id":"https:\/\/gms-tunisie.com\/en\/#\/schema\/logo\/image\/"},"sameAs":["https:\/\/www.linkedin.com\/company\/global-maritime-services\/"]}]}},"_links":{"self":[{"href":"https:\/\/gms-tunisie.com\/fr\/wp-json\/wp\/v2\/pages\/1092","targetHints":{"allow":["GET"]}}],"collection":[{"href":"https:\/\/gms-tunisie.com\/fr\/wp-json\/wp\/v2\/pages"}],"about":[{"href":"https:\/\/gms-tunisie.com\/fr\/wp-json\/wp\/v2\/types\/page"}],"author":[{"embeddable":true,"href":"https:\/\/gms-tunisie.com\/fr\/wp-json\/wp\/v2\/users\/1"}],"replies":[{"embeddable":true,"href":"https:\/\/gms-tunisie.com\/fr\/wp-json\/wp\/v2\/comments?post=1092"}],"version-history":[{"count":15,"href":"https:\/\/gms-tunisie.com\/fr\/wp-json\/wp\/v2\/pages\/1092\/revisions"}],"predecessor-version":[{"id":1524,"href":"https:\/\/gms-tunisie.com\/fr\/wp-json\/wp\/v2\/pages\/1092\/revisions\/1524"}],"wp:attachment":[{"href":"https:\/\/gms-tunisie.com\/fr\/wp-json\/wp\/v2\/media?parent=1092"}],"curies":[{"name":"wp","href":"https:\/\/api.w.org\/{rel}","templated":true}]}}