{"id":1088,"date":"2025-03-12T12:52:20","date_gmt":"2025-03-12T12:52:20","guid":{"rendered":"https:\/\/gms.mehdi-elamri.com\/about-2\/"},"modified":"2025-08-11T22:17:59","modified_gmt":"2025-08-11T22:17:59","slug":"multimodal-transport","status":"publish","type":"page","link":"https:\/\/gms-tunisie.com\/fr\/multimodal-transport\/","title":{"rendered":"Transport Multimodal"},"content":{"rendered":"<div data-elementor-type=\"wp-page\" data-elementor-id=\"1088\" class=\"elementor elementor-1088\" data-elementor-post-type=\"page\">\n\t\t\t\t<div class=\"elementor-element elementor-element-e2b1b3c e-flex e-con-boxed e-con e-parent\" data-id=\"e2b1b3c\" data-element_type=\"container\" data-e-type=\"container\" data-settings=\"{&quot;background_background&quot;:&quot;classic&quot;}\">\n\t\t\t\t\t<div class=\"e-con-inner\">\n\t\t<div class=\"elementor-element elementor-element-34e41f5 e-con-full e-flex e-con e-child\" data-id=\"34e41f5\" data-element_type=\"container\" data-e-type=\"container\">\n\t\t\t\t<div class=\"elementor-element elementor-element-f9b1a25 elementor-widget-divider--view-line elementor-widget elementor-widget-divider\" data-id=\"f9b1a25\" data-element_type=\"widget\" data-e-type=\"widget\" data-widget_type=\"divider.default\">\n\t\t\t\t<div class=\"elementor-widget-container\">\n\t\t\t\t\t\t\t<div class=\"elementor-divider\">\n\t\t\t<span class=\"elementor-divider-separator\">\n\t\t\t\t\t\t<\/span>\n\t\t<\/div>\n\t\t\t\t\t\t<\/div>\n\t\t\t\t<\/div>\n\t\t\t\t<div class=\"elementor-element elementor-element-ce3bf20 elementor-widget elementor-widget-heading\" data-id=\"ce3bf20\" data-element_type=\"widget\" data-e-type=\"widget\" data-widget_type=\"heading.default\">\n\t\t\t\t<div class=\"elementor-widget-container\">\n\t\t\t\t\t<h1 class=\"elementor-heading-title elementor-size-default\">Transport Multimodal<\/h1>\t\t\t\t<\/div>\n\t\t\t\t<\/div>\n\t\t\t\t<\/div>\n\t\t\t\t\t<\/div>\n\t\t\t\t<\/div>\n\t\t<div class=\"elementor-element elementor-element-dd6d620 e-flex e-con-boxed e-con e-parent\" data-id=\"dd6d620\" data-element_type=\"container\" data-e-type=\"container\">\n\t\t\t\t\t<div class=\"e-con-inner\">\n\t\t\t\t<div class=\"elementor-element elementor-element-ea97c6d elementor-widget elementor-widget-text-editor\" data-id=\"ea97c6d\" data-element_type=\"widget\" data-e-type=\"widget\" data-widget_type=\"text-editor.default\">\n\t\t\t\t<div class=\"elementor-widget-container\">\n\t\t\t\t\t\t\t\t\t<p>Nous assurons l'acheminement de vos marchandises selon le concept \"door to door\" quelque soit le mode de transport maritime-a\u00e9rien-terrestre Nous pourrons \u00e9galement vous offrir un service de logistique qui permet de stocker tous types de marchandises gr\u00e2ce a nos diff\u00e9rents entrep\u00f4ts. Nous nous mettons a disposition des armateurs depuis des ann\u00e9es agissant en tant qu'agent maritime et repr\u00e9sentant du port. GMS s\u00e9lectionne, met en \u0153uvre et coordonne toutes les op\u00e9rations se r\u00e9f\u00e9rant aux navires.<\/p>\t\t\t\t\t\t\t\t<\/div>\n\t\t\t\t<\/div>\n\t\t<div class=\"elementor-element elementor-element-ff035c4 e-con-full e-flex e-con e-child\" data-id=\"ff035c4\" data-element_type=\"container\" data-e-type=\"container\">\n\t\t\t\t<div class=\"elementor-element elementor-element-5a72c2d elementor-widget elementor-widget-heading\" data-id=\"5a72c2d\" data-element_type=\"widget\" data-e-type=\"widget\" data-widget_type=\"heading.default\">\n\t\t\t\t<div class=\"elementor-widget-container\">\n\t\t\t\t\t<h2 class=\"elementor-heading-title elementor-size-default\">Transit a\u00e9rien, maritime et terrestre:<\/h2>\t\t\t\t<\/div>\n\t\t\t\t<\/div>\n\t\t<div class=\"elementor-element elementor-element-7c83f8f e-con-full e-flex e-con e-child\" data-id=\"7c83f8f\" data-element_type=\"container\" data-e-type=\"container\">\n\t\t\t\t<div class=\"elementor-element elementor-element-0e7f739 elementor-widget elementor-widget-image\" data-id=\"0e7f739\" data-element_type=\"widget\" data-e-type=\"widget\" data-widget_type=\"image.default\">\n\t\t\t\t<div class=\"elementor-widget-container\">\n\t\t\t\t\t\t\t\t\t\t\t\t\t\t\t<img fetchpriority=\"high\" decoding=\"async\" width=\"1024\" height=\"1024\" src=\"https:\/\/gms-tunisie.com\/wp-content\/uploads\/2025\/03\/6184565-1024x1024.jpg\" class=\"attachment-large size-large wp-image-1276\" alt=\"\" srcset=\"https:\/\/gms-tunisie.com\/wp-content\/uploads\/2025\/03\/6184565-1024x1024.jpg 1024w, https:\/\/gms-tunisie.com\/wp-content\/uploads\/2025\/03\/6184565-300x300.jpg 300w, https:\/\/gms-tunisie.com\/wp-content\/uploads\/2025\/03\/6184565-150x150.jpg 150w, https:\/\/gms-tunisie.com\/wp-content\/uploads\/2025\/03\/6184565-768x768.jpg 768w, https:\/\/gms-tunisie.com\/wp-content\/uploads\/2025\/03\/6184565-1536x1536.jpg 1536w, https:\/\/gms-tunisie.com\/wp-content\/uploads\/2025\/03\/6184565-12x12.jpg 12w, https:\/\/gms-tunisie.com\/wp-content\/uploads\/2025\/03\/6184565.jpg 2000w\" sizes=\"(max-width: 1024px) 100vw, 1024px\" \/>\t\t\t\t\t\t\t\t\t\t\t\t\t\t\t<\/div>\n\t\t\t\t<\/div>\n\t\t\t\t<div class=\"elementor-element elementor-element-a1669e0 elementor-widget elementor-widget-text-editor\" data-id=\"a1669e0\" data-element_type=\"widget\" data-e-type=\"widget\" data-widget_type=\"text-editor.default\">\n\t\t\t\t<div class=\"elementor-widget-container\">\n\t\t\t\t\t\t\t\t\t<p>Gr\u00e2ce \u00e0 ses \u00e9quipes de techniciens chevronn\u00e9s en l\u00e9gislation fiscale, r\u00e9glementations douani\u00e8res et logistiques de manutention et de transport, la GMS est votre meilleur partenaire pour:<\/p><ul><li class=\"point\">L'accomplissement des formalit\u00e9s et proc\u00e9dures douani\u00e8res.<\/li><li class=\"point\">L'assistance \u00e0 l'embarquement et au d\u00e9barquement.<\/li><li class=\"point\">L'assistance \u00e0 la mise \u00e0 quai et \u00e0 l'enl\u00e8vement.<\/li><li class=\"point\">L'organisation des op\u00e9rations de manutention au port ou \u00e0 domicile.<\/li><li class=\"point\">L'organisation des op\u00e9rations de transport et le choix des moyens ad\u00e9quats.<\/li><li class=\"point\">L'assistance aux visites en douane.<\/li><li class=\"point\">La surveillance et le contr\u00f4le quantitatif et qualitatif de cargaisons.<\/li><li class=\"point\">L'assistance aux constats d'avaries et aux expertises.<\/li><li class=\"point\">L'assistance \u2013 conseil en mati\u00e8re de r\u00e9glementations et proc\u00e9dures douani\u00e8res.<\/li><\/ul><p>\u00a0<\/p>\t\t\t\t\t\t\t\t<\/div>\n\t\t\t\t<\/div>\n\t\t\t\t<\/div>\n\t\t\t\t<div class=\"elementor-element elementor-element-67551c1 elementor-widget elementor-widget-text-editor\" data-id=\"67551c1\" data-element_type=\"widget\" data-e-type=\"widget\" data-widget_type=\"text-editor.default\">\n\t\t\t\t<div class=\"elementor-widget-container\">\n\t\t\t\t\t\t\t\t\t<p>Des services de transit sp\u00e9cialis\u00e9s sont aussi con\u00e7us pour r\u00e9pondre aux exigences sp\u00e9cifiques de notre client\u00e8le:<\/p><ul><li>Le Service Fret A\u00e9rien pour les exp\u00e9ditions par avion \u00e0 l'import et \u00e0 l'export avec une pr\u00e9sence dans tous les a\u00e9roports de commerce de la Tunisie et des repr\u00e9sentations par des correspondants dans les principaux a\u00e9roports internationaux.<\/li><li>Le Service Transit des Primeurs sp\u00e9cialis\u00e9 dans le d\u00e9douanement et l'organisation du transport des produits agroalimentaires, fruits, l\u00e9gumes, produits de la mer et autres p\u00e9rissables. Outre la mise \u00e0 disposition des moyens classiques de transport tels que camions, conteneurs et remorques, ce service offre aussi les moyens ad\u00e9quats et l'assistance n\u00e9cessaire pour le chargement et le transport de produits sp\u00e9cifiques comme l'huile d'olive et les vins en vrac dans des camions citernes ou les flexi tanks et les produits frais ou congel\u00e9s dans les conteneurs ou les remorques frigorifiques.<\/li><li>Le Service Commissariat d'Avaries avec des experts comp\u00e9tents dans les constats et expertises et qui sont sollicit\u00e9s par les clients, les compagnies d'assurances tunisiennes et \u00e9trang\u00e8res.<\/li><\/ul>\t\t\t\t\t\t\t\t<\/div>\n\t\t\t\t<\/div>\n\t\t\t\t<\/div>\n\t\t<div class=\"elementor-element elementor-element-0fd24dc e-con-full e-flex e-con e-child\" data-id=\"0fd24dc\" data-element_type=\"container\" data-e-type=\"container\">\n\t\t\t\t<\/div>\n\t\t\t\t<div class=\"elementor-element elementor-element-75a540c elementor--h-position-center elementor--v-position-middle elementor-arrows-position-inside elementor-pagination-position-inside elementor-widget elementor-widget-slides\" data-id=\"75a540c\" data-element_type=\"widget\" data-e-type=\"widget\" data-settings=\"{&quot;navigation&quot;:&quot;both&quot;,&quot;autoplay&quot;:&quot;yes&quot;,&quot;pause_on_hover&quot;:&quot;yes&quot;,&quot;pause_on_interaction&quot;:&quot;yes&quot;,&quot;autoplay_speed&quot;:5000,&quot;infinite&quot;:&quot;yes&quot;,&quot;transition&quot;:&quot;slide&quot;,&quot;transition_speed&quot;:500}\" data-widget_type=\"slides.default\">\n\t\t\t\t<div class=\"elementor-widget-container\">\n\t\t\t\t\t\t\t\t\t<div class=\"elementor-swiper\">\n\t\t\t\t\t<div class=\"elementor-slides-wrapper elementor-main-swiper swiper\" role=\"region\" aria-roledescription=\"carousel\" aria-label=\"Slides\" dir=\"ltr\" data-animation=\"fadeInUp\">\n\t\t\t\t<div class=\"swiper-wrapper elementor-slides\">\n\t\t\t\t\t\t\t\t\t\t<div class=\"elementor-repeater-item-30b2135 swiper-slide\" role=\"group\" aria-roledescription=\"slide\"><div class=\"swiper-slide-bg\" role=\"img\" aria-label=\"rsz_pexels-frank-rietsch-135445060-31188507_1\"><\/div><div class=\"elementor-background-overlay\"><\/div><div class=\"swiper-slide-inner\" ><div class=\"swiper-slide-contents\"><div class=\"elementor-slide-heading\">Fret Maritime<\/div><div class=\"elementor-slide-description\">En tant que guichet unique de services de logistique internationale, GMS, gr\u00e2ce \u00e0 son \u00e9quipe de professionnels qualifi\u00e9s, est l\u2019entreprise tout indiqu\u00e9e pour r\u00e9pondre \u00e0 vos besoins en mati\u00e8re de transport maritime, peu importe le point de d\u00e9part ou la destination.<\/div><\/div><\/div><\/div><div class=\"elementor-repeater-item-c76f270 swiper-slide\" role=\"group\" aria-roledescription=\"slide\"><div class=\"swiper-slide-bg\" role=\"img\" aria-label=\"pexels-saturnus99-17972335 (1)\"><\/div><div class=\"elementor-background-overlay\"><\/div><div class=\"swiper-slide-inner\" ><div class=\"swiper-slide-contents\"><div class=\"elementor-slide-heading\">Fret A\u00e9rien<\/div><\/div><\/div><\/div><div class=\"elementor-repeater-item-1a83afd swiper-slide\" role=\"group\" aria-roledescription=\"slide\"><div class=\"swiper-slide-bg\" role=\"img\" aria-label=\"rsz_1pexels-quintingellar-2199293_1\"><\/div><div class=\"elementor-background-overlay\"><\/div><div class=\"swiper-slide-inner\" ><div class=\"swiper-slide-contents\"><div class=\"elementor-slide-heading\">Transport par Camion et Transfrontalier<\/div><div class=\"elementor-slide-description\">Gr\u00e2ce \u00e0 son vaste r\u00e9seau de camionneurs partout en Tunisie, GMS s\u2019assure de trouver la solution la plus rapide et \u00e9conomique pour livrer votre chargement, sans n\u00e9gliger le service \u00e0 la client\u00e8le.<\/div><\/div><\/div><\/div>\t\t\t\t<\/div>\n\t\t\t\t\t\t\t\t\t\t\t\t\t\t\t<div class=\"elementor-swiper-button elementor-swiper-button-prev\" role=\"button\" tabindex=\"0\" aria-label=\"Previous slide\">\n\t\t\t\t\t\t\t<svg aria-hidden=\"true\" class=\"e-font-icon-svg e-eicon-chevron-left\" viewbox=\"0 0 1000 1000\" xmlns=\"http:\/\/www.w3.org\/2000\/svg\"><path d=\"M646 125C629 125 613 133 604 142L308 442C296 454 292 471 292 487 292 504 296 521 308 533L604 854C617 867 629 875 646 875 663 875 679 871 692 858 704 846 713 829 713 812 713 796 708 779 692 767L438 487 692 225C700 217 708 204 708 187 708 171 704 154 692 142 675 129 663 125 646 125Z\"><\/path><\/svg>\t\t\t\t\t\t<\/div>\n\t\t\t\t\t\t<div class=\"elementor-swiper-button elementor-swiper-button-next\" role=\"button\" tabindex=\"0\" aria-label=\"Next slide\">\n\t\t\t\t\t\t\t<svg aria-hidden=\"true\" class=\"e-font-icon-svg e-eicon-chevron-right\" viewbox=\"0 0 1000 1000\" xmlns=\"http:\/\/www.w3.org\/2000\/svg\"><path d=\"M696 533C708 521 713 504 713 487 713 471 708 454 696 446L400 146C388 133 375 125 354 125 338 125 325 129 313 142 300 154 292 171 292 187 292 204 296 221 308 233L563 492 304 771C292 783 288 800 288 817 288 833 296 850 308 863 321 871 338 875 354 875 371 875 388 867 400 854L696 533Z\"><\/path><\/svg>\t\t\t\t\t\t<\/div>\n\t\t\t\t\t\t\t\t\t\t\t\t\t\t\t\t<div class=\"swiper-pagination\"><\/div>\n\t\t\t\t\t\t\t\t\t\t\t\t<\/div>\n\t\t\t\t<\/div>\n\t\t\t\t\t\t\t\t<\/div>\n\t\t\t\t<\/div>\n\t\t\t\t\t<\/div>\n\t\t\t\t<\/div>\n\t\t\t\t<\/div>","protected":false},"excerpt":{"rendered":"<p>Multimodal Transport We ensure the delivery of your goods according to the concept of &#8220;door to door&#8221; whatever the mode of shipping, air-Terrestrial We can also offer a logistics service that can store all types of goods due to our different warehouses. We put at disposal of ship-owners for years acting as agent and representative [&hellip;]<\/p>\n","protected":false},"author":1,"featured_media":0,"parent":0,"menu_order":0,"comment_status":"closed","ping_status":"closed","template":"","meta":{"site-sidebar-layout":"no-sidebar","site-content-layout":"page-builder","ast-site-content-layout":"full-width-container","site-content-style":"unboxed","site-sidebar-style":"unboxed","ast-global-header-display":"","ast-banner-title-visibility":"","ast-main-header-display":"","ast-hfb-above-header-display":"","ast-hfb-below-header-display":"","ast-hfb-mobile-header-display":"","site-post-title":"disabled","ast-breadcrumbs-content":"","ast-featured-img":"disabled","footer-sml-layout":"","theme-transparent-header-meta":"enabled","adv-header-id-meta":"","stick-header-meta":"","header-above-stick-meta":"","header-main-stick-meta":"","header-below-stick-meta":"","astra-migrate-meta-layouts":"set","ast-page-background-enabled":"default","ast-page-background-meta":{"desktop":{"background-color":"","background-image":"","background-repeat":"repeat","background-position":"center center","background-size":"auto","background-attachment":"scroll","background-type":"","background-media":"","overlay-type":"","overlay-color":"","overlay-opacity":"","overlay-gradient":""},"tablet":{"background-color":"","background-image":"","background-repeat":"repeat","background-position":"center center","background-size":"auto","background-attachment":"scroll","background-type":"","background-media":"","overlay-type":"","overlay-color":"","overlay-opacity":"","overlay-gradient":""},"mobile":{"background-color":"","background-image":"","background-repeat":"repeat","background-position":"center center","background-size":"auto","background-attachment":"scroll","background-type":"","background-media":"","overlay-type":"","overlay-color":"","overlay-opacity":"","overlay-gradient":""}},"ast-content-background-meta":{"desktop":{"background-color":"var(--ast-global-color-5)","background-image":"","background-repeat":"repeat","background-position":"center center","background-size":"auto","background-attachment":"scroll","background-type":"","background-media":"","overlay-type":"","overlay-color":"","overlay-opacity":"","overlay-gradient":""},"tablet":{"background-color":"var(--ast-global-color-5)","background-image":"","background-repeat":"repeat","background-position":"center center","background-size":"auto","background-attachment":"scroll","background-type":"","background-media":"","overlay-type":"","overlay-color":"","overlay-opacity":"","overlay-gradient":""},"mobile":{"background-color":"var(--ast-global-color-5)","background-image":"","background-repeat":"repeat","background-position":"center center","background-size":"auto","background-attachment":"scroll","background-type":"","background-media":"","overlay-type":"","overlay-color":"","overlay-opacity":"","overlay-gradient":""}},"footnotes":""},"class_list":["post-1088","page","type-page","status-publish","hentry"],"yoast_head":"<!-- This site is optimized with the Yoast SEO plugin v27.2 - https:\/\/yoast.com\/product\/yoast-seo-wordpress\/ -->\n<title>Multimodal Transport - Global Maritime Services<\/title>\n<meta name=\"robots\" content=\"index, follow, max-snippet:-1, max-image-preview:large, max-video-preview:-1\" \/>\n<link rel=\"canonical\" href=\"https:\/\/gms-tunisie.com\/fr\/multimodal-transport\/\" \/>\n<meta property=\"og:locale\" content=\"fr_FR\" \/>\n<meta property=\"og:type\" content=\"article\" \/>\n<meta property=\"og:title\" content=\"Multimodal Transport - Global Maritime Services\" \/>\n<meta property=\"og:description\" content=\"Multimodal Transport We ensure the delivery of your goods according to the concept of &#8220;door to door&#8221; whatever the mode of shipping, air-Terrestrial We can also offer a logistics service that can store all types of goods due to our different warehouses. We put at disposal of ship-owners for years acting as agent and representative [&hellip;]\" \/>\n<meta property=\"og:url\" content=\"https:\/\/gms-tunisie.com\/fr\/multimodal-transport\/\" \/>\n<meta property=\"og:site_name\" content=\"Global Maritime Services\" \/>\n<meta property=\"article:modified_time\" content=\"2025-08-11T22:17:59+00:00\" \/>\n<meta property=\"og:image\" content=\"https:\/\/gms-tunisie.com\/wp-content\/uploads\/2025\/03\/6184565-1024x1024.jpg\" \/>\n<meta name=\"twitter:card\" content=\"summary_large_image\" \/>\n<meta name=\"twitter:label1\" content=\"Dur\u00e9e de lecture estim\u00e9e\" \/>\n\t<meta name=\"twitter:data1\" content=\"3 minutes\" \/>\n<script type=\"application\/ld+json\" class=\"yoast-schema-graph\">{\"@context\":\"https:\/\/schema.org\",\"@graph\":[{\"@type\":\"WebPage\",\"@id\":\"https:\/\/gms-tunisie.com\/en\/multimodal-transport\/\",\"url\":\"https:\/\/gms-tunisie.com\/en\/multimodal-transport\/\",\"name\":\"Multimodal Transport - Global Maritime Services\",\"isPartOf\":{\"@id\":\"https:\/\/gms-tunisie.com\/en\/#website\"},\"primaryImageOfPage\":{\"@id\":\"https:\/\/gms-tunisie.com\/en\/multimodal-transport\/#primaryimage\"},\"image\":{\"@id\":\"https:\/\/gms-tunisie.com\/en\/multimodal-transport\/#primaryimage\"},\"thumbnailUrl\":\"https:\/\/gms-tunisie.com\/wp-content\/uploads\/2025\/03\/6184565-1024x1024.jpg\",\"datePublished\":\"2025-03-12T12:52:20+00:00\",\"dateModified\":\"2025-08-11T22:17:59+00:00\",\"breadcrumb\":{\"@id\":\"https:\/\/gms-tunisie.com\/en\/multimodal-transport\/#breadcrumb\"},\"inLanguage\":\"fr-FR\",\"potentialAction\":[{\"@type\":\"ReadAction\",\"target\":[\"https:\/\/gms-tunisie.com\/en\/multimodal-transport\/\"]}]},{\"@type\":\"ImageObject\",\"inLanguage\":\"fr-FR\",\"@id\":\"https:\/\/gms-tunisie.com\/en\/multimodal-transport\/#primaryimage\",\"url\":\"https:\/\/gms-tunisie.com\/wp-content\/uploads\/2025\/03\/6184565-1024x1024.jpg\",\"contentUrl\":\"https:\/\/gms-tunisie.com\/wp-content\/uploads\/2025\/03\/6184565-1024x1024.jpg\"},{\"@type\":\"BreadcrumbList\",\"@id\":\"https:\/\/gms-tunisie.com\/en\/multimodal-transport\/#breadcrumb\",\"itemListElement\":[{\"@type\":\"ListItem\",\"position\":1,\"name\":\"Home\",\"item\":\"https:\/\/gms-tunisie.com\/en\/\"},{\"@type\":\"ListItem\",\"position\":2,\"name\":\"Multimodal Transport\"}]},{\"@type\":\"WebSite\",\"@id\":\"https:\/\/gms-tunisie.com\/en\/#website\",\"url\":\"https:\/\/gms-tunisie.com\/en\/\",\"name\":\"Global Maritime Services\",\"description\":\"Global Maritime Services\",\"publisher\":{\"@id\":\"https:\/\/gms-tunisie.com\/en\/#organization\"},\"potentialAction\":[{\"@type\":\"SearchAction\",\"target\":{\"@type\":\"EntryPoint\",\"urlTemplate\":\"https:\/\/gms-tunisie.com\/en\/?s={search_term_string}\"},\"query-input\":{\"@type\":\"PropertyValueSpecification\",\"valueRequired\":true,\"valueName\":\"search_term_string\"}}],\"inLanguage\":\"fr-FR\"},{\"@type\":\"Organization\",\"@id\":\"https:\/\/gms-tunisie.com\/en\/#organization\",\"name\":\"Global Maritime Services\",\"url\":\"https:\/\/gms-tunisie.com\/en\/\",\"logo\":{\"@type\":\"ImageObject\",\"inLanguage\":\"fr-FR\",\"@id\":\"https:\/\/gms-tunisie.com\/en\/#\/schema\/logo\/image\/\",\"url\":\"https:\/\/gms-tunisie.com\/wp-content\/uploads\/2025\/03\/1000015282.png\",\"contentUrl\":\"https:\/\/gms-tunisie.com\/wp-content\/uploads\/2025\/03\/1000015282.png\",\"width\":8192,\"height\":5789,\"caption\":\"Global Maritime Services\"},\"image\":{\"@id\":\"https:\/\/gms-tunisie.com\/en\/#\/schema\/logo\/image\/\"},\"sameAs\":[\"https:\/\/www.linkedin.com\/company\/global-maritime-services\/\"]}]}<\/script>\n<!-- \/ Yoast SEO plugin. -->","yoast_head_json":{"title":"Multimodal Transport - Global Maritime Services","robots":{"index":"index","follow":"follow","max-snippet":"max-snippet:-1","max-image-preview":"max-image-preview:large","max-video-preview":"max-video-preview:-1"},"canonical":"https:\/\/gms-tunisie.com\/fr\/multimodal-transport\/","og_locale":"fr_FR","og_type":"article","og_title":"Multimodal Transport - Global Maritime Services","og_description":"Multimodal Transport We ensure the delivery of your goods according to the concept of &#8220;door to door&#8221; whatever the mode of shipping, air-Terrestrial We can also offer a logistics service that can store all types of goods due to our different warehouses. We put at disposal of ship-owners for years acting as agent and representative [&hellip;]","og_url":"https:\/\/gms-tunisie.com\/fr\/multimodal-transport\/","og_site_name":"Global Maritime Services","article_modified_time":"2025-08-11T22:17:59+00:00","og_image":[{"url":"https:\/\/gms-tunisie.com\/wp-content\/uploads\/2025\/03\/6184565-1024x1024.jpg","type":"","width":"","height":""}],"twitter_card":"summary_large_image","twitter_misc":{"Dur\u00e9e de lecture estim\u00e9e":"3 minutes"},"schema":{"@context":"https:\/\/schema.org","@graph":[{"@type":"WebPage","@id":"https:\/\/gms-tunisie.com\/en\/multimodal-transport\/","url":"https:\/\/gms-tunisie.com\/en\/multimodal-transport\/","name":"Multimodal Transport - Global Maritime Services","isPartOf":{"@id":"https:\/\/gms-tunisie.com\/en\/#website"},"primaryImageOfPage":{"@id":"https:\/\/gms-tunisie.com\/en\/multimodal-transport\/#primaryimage"},"image":{"@id":"https:\/\/gms-tunisie.com\/en\/multimodal-transport\/#primaryimage"},"thumbnailUrl":"https:\/\/gms-tunisie.com\/wp-content\/uploads\/2025\/03\/6184565-1024x1024.jpg","datePublished":"2025-03-12T12:52:20+00:00","dateModified":"2025-08-11T22:17:59+00:00","breadcrumb":{"@id":"https:\/\/gms-tunisie.com\/en\/multimodal-transport\/#breadcrumb"},"inLanguage":"fr-FR","potentialAction":[{"@type":"ReadAction","target":["https:\/\/gms-tunisie.com\/en\/multimodal-transport\/"]}]},{"@type":"ImageObject","inLanguage":"fr-FR","@id":"https:\/\/gms-tunisie.com\/en\/multimodal-transport\/#primaryimage","url":"https:\/\/gms-tunisie.com\/wp-content\/uploads\/2025\/03\/6184565-1024x1024.jpg","contentUrl":"https:\/\/gms-tunisie.com\/wp-content\/uploads\/2025\/03\/6184565-1024x1024.jpg"},{"@type":"BreadcrumbList","@id":"https:\/\/gms-tunisie.com\/en\/multimodal-transport\/#breadcrumb","itemListElement":[{"@type":"ListItem","position":1,"name":"Home","item":"https:\/\/gms-tunisie.com\/en\/"},{"@type":"ListItem","position":2,"name":"Multimodal Transport"}]},{"@type":"WebSite","@id":"https:\/\/gms-tunisie.com\/en\/#website","url":"https:\/\/gms-tunisie.com\/en\/","name":"Global Maritime Services","description":"Global Maritime Services","publisher":{"@id":"https:\/\/gms-tunisie.com\/en\/#organization"},"potentialAction":[{"@type":"SearchAction","target":{"@type":"EntryPoint","urlTemplate":"https:\/\/gms-tunisie.com\/en\/?s={search_term_string}"},"query-input":{"@type":"PropertyValueSpecification","valueRequired":true,"valueName":"search_term_string"}}],"inLanguage":"fr-FR"},{"@type":"Organization","@id":"https:\/\/gms-tunisie.com\/en\/#organization","name":"Global Maritime Services","url":"https:\/\/gms-tunisie.com\/en\/","logo":{"@type":"ImageObject","inLanguage":"fr-FR","@id":"https:\/\/gms-tunisie.com\/en\/#\/schema\/logo\/image\/","url":"https:\/\/gms-tunisie.com\/wp-content\/uploads\/2025\/03\/1000015282.png","contentUrl":"https:\/\/gms-tunisie.com\/wp-content\/uploads\/2025\/03\/1000015282.png","width":8192,"height":5789,"caption":"Global Maritime Services"},"image":{"@id":"https:\/\/gms-tunisie.com\/en\/#\/schema\/logo\/image\/"},"sameAs":["https:\/\/www.linkedin.com\/company\/global-maritime-services\/"]}]}},"_links":{"self":[{"href":"https:\/\/gms-tunisie.com\/fr\/wp-json\/wp\/v2\/pages\/1088","targetHints":{"allow":["GET"]}}],"collection":[{"href":"https:\/\/gms-tunisie.com\/fr\/wp-json\/wp\/v2\/pages"}],"about":[{"href":"https:\/\/gms-tunisie.com\/fr\/wp-json\/wp\/v2\/types\/page"}],"author":[{"embeddable":true,"href":"https:\/\/gms-tunisie.com\/fr\/wp-json\/wp\/v2\/users\/1"}],"replies":[{"embeddable":true,"href":"https:\/\/gms-tunisie.com\/fr\/wp-json\/wp\/v2\/comments?post=1088"}],"version-history":[{"count":26,"href":"https:\/\/gms-tunisie.com\/fr\/wp-json\/wp\/v2\/pages\/1088\/revisions"}],"predecessor-version":[{"id":1539,"href":"https:\/\/gms-tunisie.com\/fr\/wp-json\/wp\/v2\/pages\/1088\/revisions\/1539"}],"wp:attachment":[{"href":"https:\/\/gms-tunisie.com\/fr\/wp-json\/wp\/v2\/media?parent=1088"}],"curies":[{"name":"wp","href":"https:\/\/api.w.org\/{rel}","templated":true}]}}