{"id":1087,"date":"2025-03-12T12:52:20","date_gmt":"2025-03-12T12:52:20","guid":{"rendered":"https:\/\/gms.mehdi-elamri.com\/services\/"},"modified":"2025-08-11T22:13:51","modified_gmt":"2025-08-11T22:13:51","slug":"consignment","status":"publish","type":"page","link":"https:\/\/gms-tunisie.com\/fr\/consignment\/","title":{"rendered":"Consignation"},"content":{"rendered":"<div data-elementor-type=\"wp-page\" data-elementor-id=\"1087\" class=\"elementor elementor-1087\" data-elementor-post-type=\"page\">\n\t\t\t\t<div class=\"elementor-element elementor-element-264b2bb e-flex e-con-boxed e-con e-parent\" data-id=\"264b2bb\" data-element_type=\"container\" data-e-type=\"container\" data-settings=\"{&quot;background_background&quot;:&quot;classic&quot;}\">\n\t\t\t\t\t<div class=\"e-con-inner\">\n\t\t<div class=\"elementor-element elementor-element-9c65b34 e-con-full e-flex e-con e-child\" data-id=\"9c65b34\" data-element_type=\"container\" data-e-type=\"container\">\n\t\t\t\t<div class=\"elementor-element elementor-element-fc014e8 elementor-widget-divider--view-line elementor-widget elementor-widget-divider\" data-id=\"fc014e8\" data-element_type=\"widget\" data-e-type=\"widget\" data-widget_type=\"divider.default\">\n\t\t\t\t<div class=\"elementor-widget-container\">\n\t\t\t\t\t\t\t<div class=\"elementor-divider\">\n\t\t\t<span class=\"elementor-divider-separator\">\n\t\t\t\t\t\t<\/span>\n\t\t<\/div>\n\t\t\t\t\t\t<\/div>\n\t\t\t\t<\/div>\n\t\t\t\t<div class=\"elementor-element elementor-element-e18d550 elementor-widget elementor-widget-heading\" data-id=\"e18d550\" data-element_type=\"widget\" data-e-type=\"widget\" data-widget_type=\"heading.default\">\n\t\t\t\t<div class=\"elementor-widget-container\">\n\t\t\t\t\t<h1 class=\"elementor-heading-title elementor-size-default\">Consignation<\/h1>\t\t\t\t<\/div>\n\t\t\t\t<\/div>\n\t\t\t\t<\/div>\n\t\t\t\t\t<\/div>\n\t\t\t\t<\/div>\n\t\t<div class=\"elementor-element elementor-element-e703104 e-flex e-con-boxed e-con e-parent\" data-id=\"e703104\" data-element_type=\"container\" data-e-type=\"container\">\n\t\t\t\t\t<div class=\"e-con-inner\">\n\t\t<div class=\"elementor-element elementor-element-678e1f2 e-con-full e-flex e-con e-child\" data-id=\"678e1f2\" data-element_type=\"container\" data-e-type=\"container\">\n\t\t\t\t<div class=\"elementor-element elementor-element-5e38e25 elementor-widget elementor-widget-text-editor\" data-id=\"5e38e25\" data-element_type=\"widget\" data-e-type=\"widget\" data-widget_type=\"text-editor.default\">\n\t\t\t\t<div class=\"elementor-widget-container\">\n\t\t\t\t\t\t\t\t\t<p>Notre savoir faire s\u2019oriente \u00e0 destination des armateurs nationaux et \u00e9trangers ou de Groupes industriels &amp; Soci\u00e9t\u00e9s de n\u00e9goce international. Notre r\u00e9seau d\u2019agence couvre l\u2019ensemble des ports tunisiens.<\/p>\t\t\t\t\t\t\t\t<\/div>\n\t\t\t\t<\/div>\n\t\t\t\t<div class=\"elementor-element elementor-element-d5e564a elementor-widget elementor-widget-heading\" data-id=\"d5e564a\" data-element_type=\"widget\" data-e-type=\"widget\" data-widget_type=\"heading.default\">\n\t\t\t\t<div class=\"elementor-widget-container\">\n\t\t\t\t\t<h2 class=\"elementor-heading-title elementor-size-default\">Optimisation du temps d\u2019escale:<\/h2>\t\t\t\t<\/div>\n\t\t\t\t<\/div>\n\t\t\t\t<div class=\"elementor-element elementor-element-ccfe57b elementor-widget elementor-widget-text-editor\" data-id=\"ccfe57b\" data-element_type=\"widget\" data-e-type=\"widget\" data-widget_type=\"text-editor.default\">\n\t\t\t\t<div class=\"elementor-widget-container\">\n\t\t\t\t\t\t\t\t\t<ul><li>Efficacit\u00e9 MAXIMALE des formalit\u00e9s administratives du bord.<\/li><li>Soutage et \u00e9vacuation des Slops.<\/li><li>Mise \u00e0 bord des pi\u00e8ces d\u00e9tach\u00e9es et R\u00e9parations.<\/li><li>Changement d\u2019\u00e9quipages de\/vers a\u00e9roports.<\/li><li>Besoins de l\u2019\u00e9quipage (Immigration, Sant\u00e9...).<\/li><li>Avitaillements divers et vari\u00e9s.<\/li><li>Expertise et R\u00e9clamations relatives aux dommages du navire, d\u00e9coulant de la man\u0153uvre ou du manutentionnaire.<\/li><\/ul>\t\t\t\t\t\t\t\t<\/div>\n\t\t\t\t<\/div>\n\t\t<div class=\"elementor-element elementor-element-ec0c54b e-con-full e-flex e-con e-child\" data-id=\"ec0c54b\" data-element_type=\"container\" data-e-type=\"container\">\n\t\t\t\t<div class=\"elementor-element elementor-element-5757801 elementor-widget elementor-widget-heading\" data-id=\"5757801\" data-element_type=\"widget\" data-e-type=\"widget\" data-widget_type=\"heading.default\">\n\t\t\t\t<div class=\"elementor-widget-container\">\n\t\t\t\t\t<h2 class=\"elementor-heading-title elementor-size-default\">Manutention portuaire:<\/h2>\t\t\t\t<\/div>\n\t\t\t\t<\/div>\n\t\t<div class=\"elementor-element elementor-element-175182f e-con-full e-flex e-con e-child\" data-id=\"175182f\" data-element_type=\"container\" data-e-type=\"container\">\n\t\t\t\t<div class=\"elementor-element elementor-element-e93b696 elementor-widget elementor-widget-text-editor\" data-id=\"e93b696\" data-element_type=\"widget\" data-e-type=\"widget\" data-widget_type=\"text-editor.default\">\n\t\t\t\t<div class=\"elementor-widget-container\">\n\t\t\t\t\t\t\t\t\t<p>Que ce soit \u00e0 bord pour charger et d\u00e9charger les navires (stevedoring) ou \u00e0 terre (conteneurs ou marchandises), nos \u00e9quipes d\u00e9di\u00e9es, organis\u00e9es par types de marchandises, vous apportent l\u2019exp\u00e9rience et les ressources indispensables \u00e0 une manutention efficace et s\u00fbre.<\/p>\t\t\t\t\t\t\t\t<\/div>\n\t\t\t\t<\/div>\n\t\t\t\t<div class=\"elementor-element elementor-element-1ab31f6 elementor-widget elementor-widget-image\" data-id=\"1ab31f6\" data-element_type=\"widget\" data-e-type=\"widget\" data-widget_type=\"image.default\">\n\t\t\t\t<div class=\"elementor-widget-container\">\n\t\t\t\t\t\t\t\t\t\t\t\t\t\t\t<img fetchpriority=\"high\" decoding=\"async\" width=\"1024\" height=\"683\" src=\"https:\/\/gms-tunisie.com\/wp-content\/uploads\/2025\/03\/pexels-maximilian-ruther-199439233-11589786-1024x683.jpg\" class=\"attachment-large size-large wp-image-1267\" alt=\"\" srcset=\"https:\/\/gms-tunisie.com\/wp-content\/uploads\/2025\/03\/pexels-maximilian-ruther-199439233-11589786-1024x683.jpg 1024w, https:\/\/gms-tunisie.com\/wp-content\/uploads\/2025\/03\/pexels-maximilian-ruther-199439233-11589786-300x200.jpg 300w, https:\/\/gms-tunisie.com\/wp-content\/uploads\/2025\/03\/pexels-maximilian-ruther-199439233-11589786-768x512.jpg 768w, https:\/\/gms-tunisie.com\/wp-content\/uploads\/2025\/03\/pexels-maximilian-ruther-199439233-11589786-1536x1024.jpg 1536w, https:\/\/gms-tunisie.com\/wp-content\/uploads\/2025\/03\/pexels-maximilian-ruther-199439233-11589786-2048x1365.jpg 2048w, https:\/\/gms-tunisie.com\/wp-content\/uploads\/2025\/03\/pexels-maximilian-ruther-199439233-11589786-18x12.jpg 18w\" sizes=\"(max-width: 1024px) 100vw, 1024px\" \/>\t\t\t\t\t\t\t\t\t\t\t\t\t\t\t<\/div>\n\t\t\t\t<\/div>\n\t\t\t\t<\/div>\n\t\t\t\t<\/div>\n\t\t\t\t<div class=\"elementor-element elementor-element-b26aed2 elementor-widget elementor-widget-text-editor\" data-id=\"b26aed2\" data-element_type=\"widget\" data-e-type=\"widget\" data-widget_type=\"text-editor.default\">\n\t\t\t\t<div class=\"elementor-widget-container\">\n\t\t\t\t\t\t\t\t\t<p>Nous pouvons prendre en charge toutes vos op\u00e9rations de manutention et ce, pour tous les types de marchandises, qu\u2019elles soient conteneuris\u00e9es ou conventionnelles : chargement et d\u00e9chargement, transfert \u00e0 terre de conteneurs et de marchandises en vrac, stockage d\u00e9di\u00e9, magasinage, transfert de conteneurs vides ou pleins, empotage et ensachage.<\/p>\t\t\t\t\t\t\t\t<\/div>\n\t\t\t\t<\/div>\n\t\t\t\t<\/div>\n\t\t\t\t\t<\/div>\n\t\t\t\t<\/div>\n\t\t\t\t<\/div>","protected":false},"excerpt":{"rendered":"<p>Consignment Our expertise is directed to domestic and foreign shipowners or industrial Groups &amp; Societies international trading . Our branch network covers all Tunisian ports. Optimization of call time: Efficiency MAXIMUM paperwork edge. Bunkering and disposal Slops. Getting on board spare parts and repairs. Transfers crews to \/ from airport. Needs of the crew (Immigration [&hellip;]<\/p>\n","protected":false},"author":1,"featured_media":0,"parent":0,"menu_order":0,"comment_status":"closed","ping_status":"closed","template":"","meta":{"site-sidebar-layout":"no-sidebar","site-content-layout":"page-builder","ast-site-content-layout":"full-width-container","site-content-style":"unboxed","site-sidebar-style":"unboxed","ast-global-header-display":"","ast-banner-title-visibility":"","ast-main-header-display":"","ast-hfb-above-header-display":"","ast-hfb-below-header-display":"","ast-hfb-mobile-header-display":"","site-post-title":"disabled","ast-breadcrumbs-content":"","ast-featured-img":"disabled","footer-sml-layout":"","theme-transparent-header-meta":"enabled","adv-header-id-meta":"","stick-header-meta":"","header-above-stick-meta":"","header-main-stick-meta":"","header-below-stick-meta":"","astra-migrate-meta-layouts":"set","ast-page-background-enabled":"default","ast-page-background-meta":{"desktop":{"background-color":"","background-image":"","background-repeat":"repeat","background-position":"center center","background-size":"auto","background-attachment":"scroll","background-type":"","background-media":"","overlay-type":"","overlay-color":"","overlay-opacity":"","overlay-gradient":""},"tablet":{"background-color":"","background-image":"","background-repeat":"repeat","background-position":"center center","background-size":"auto","background-attachment":"scroll","background-type":"","background-media":"","overlay-type":"","overlay-color":"","overlay-opacity":"","overlay-gradient":""},"mobile":{"background-color":"","background-image":"","background-repeat":"repeat","background-position":"center center","background-size":"auto","background-attachment":"scroll","background-type":"","background-media":"","overlay-type":"","overlay-color":"","overlay-opacity":"","overlay-gradient":""}},"ast-content-background-meta":{"desktop":{"background-color":"var(--ast-global-color-5)","background-image":"","background-repeat":"repeat","background-position":"center center","background-size":"auto","background-attachment":"scroll","background-type":"","background-media":"","overlay-type":"","overlay-color":"","overlay-opacity":"","overlay-gradient":""},"tablet":{"background-color":"var(--ast-global-color-5)","background-image":"","background-repeat":"repeat","background-position":"center center","background-size":"auto","background-attachment":"scroll","background-type":"","background-media":"","overlay-type":"","overlay-color":"","overlay-opacity":"","overlay-gradient":""},"mobile":{"background-color":"var(--ast-global-color-5)","background-image":"","background-repeat":"repeat","background-position":"center center","background-size":"auto","background-attachment":"scroll","background-type":"","background-media":"","overlay-type":"","overlay-color":"","overlay-opacity":"","overlay-gradient":""}},"footnotes":""},"class_list":["post-1087","page","type-page","status-publish","hentry"],"yoast_head":"<!-- This site is optimized with the Yoast SEO plugin v27.2 - https:\/\/yoast.com\/product\/yoast-seo-wordpress\/ -->\n<title>Consignment - Global Maritime Services<\/title>\n<meta name=\"robots\" content=\"index, follow, max-snippet:-1, max-image-preview:large, max-video-preview:-1\" \/>\n<link rel=\"canonical\" href=\"https:\/\/gms-tunisie.com\/fr\/consignment\/\" \/>\n<meta property=\"og:locale\" content=\"fr_FR\" \/>\n<meta property=\"og:type\" content=\"article\" \/>\n<meta property=\"og:title\" content=\"Consignment - Global Maritime Services\" \/>\n<meta property=\"og:description\" content=\"Consignment Our expertise is directed to domestic and foreign shipowners or industrial Groups &amp; Societies international trading . Our branch network covers all Tunisian ports. Optimization of call time: Efficiency MAXIMUM paperwork edge. Bunkering and disposal Slops. Getting on board spare parts and repairs. Transfers crews to \/ from airport. Needs of the crew (Immigration [&hellip;]\" \/>\n<meta property=\"og:url\" content=\"https:\/\/gms-tunisie.com\/fr\/consignment\/\" \/>\n<meta property=\"og:site_name\" content=\"Global Maritime Services\" \/>\n<meta property=\"article:modified_time\" content=\"2025-08-11T22:13:51+00:00\" \/>\n<meta property=\"og:image\" content=\"https:\/\/gms-tunisie.com\/wp-content\/uploads\/2025\/03\/pexels-maximilian-ruther-199439233-11589786-1024x683.jpg\" \/>\n<meta name=\"twitter:card\" content=\"summary_large_image\" \/>\n<meta name=\"twitter:label1\" content=\"Dur\u00e9e de lecture estim\u00e9e\" \/>\n\t<meta name=\"twitter:data1\" content=\"2 minutes\" \/>\n<script type=\"application\/ld+json\" class=\"yoast-schema-graph\">{\"@context\":\"https:\/\/schema.org\",\"@graph\":[{\"@type\":\"WebPage\",\"@id\":\"https:\/\/gms-tunisie.com\/en\/consignment\/\",\"url\":\"https:\/\/gms-tunisie.com\/en\/consignment\/\",\"name\":\"Consignment - Global Maritime Services\",\"isPartOf\":{\"@id\":\"https:\/\/gms-tunisie.com\/en\/#website\"},\"primaryImageOfPage\":{\"@id\":\"https:\/\/gms-tunisie.com\/en\/consignment\/#primaryimage\"},\"image\":{\"@id\":\"https:\/\/gms-tunisie.com\/en\/consignment\/#primaryimage\"},\"thumbnailUrl\":\"https:\/\/gms-tunisie.com\/wp-content\/uploads\/2025\/03\/pexels-maximilian-ruther-199439233-11589786-1024x683.jpg\",\"datePublished\":\"2025-03-12T12:52:20+00:00\",\"dateModified\":\"2025-08-11T22:13:51+00:00\",\"breadcrumb\":{\"@id\":\"https:\/\/gms-tunisie.com\/en\/consignment\/#breadcrumb\"},\"inLanguage\":\"fr-FR\",\"potentialAction\":[{\"@type\":\"ReadAction\",\"target\":[\"https:\/\/gms-tunisie.com\/en\/consignment\/\"]}]},{\"@type\":\"ImageObject\",\"inLanguage\":\"fr-FR\",\"@id\":\"https:\/\/gms-tunisie.com\/en\/consignment\/#primaryimage\",\"url\":\"https:\/\/gms-tunisie.com\/wp-content\/uploads\/2025\/03\/pexels-maximilian-ruther-199439233-11589786-1024x683.jpg\",\"contentUrl\":\"https:\/\/gms-tunisie.com\/wp-content\/uploads\/2025\/03\/pexels-maximilian-ruther-199439233-11589786-1024x683.jpg\"},{\"@type\":\"BreadcrumbList\",\"@id\":\"https:\/\/gms-tunisie.com\/en\/consignment\/#breadcrumb\",\"itemListElement\":[{\"@type\":\"ListItem\",\"position\":1,\"name\":\"Home\",\"item\":\"https:\/\/gms-tunisie.com\/en\/\"},{\"@type\":\"ListItem\",\"position\":2,\"name\":\"Consignment\"}]},{\"@type\":\"WebSite\",\"@id\":\"https:\/\/gms-tunisie.com\/en\/#website\",\"url\":\"https:\/\/gms-tunisie.com\/en\/\",\"name\":\"Global Maritime Services\",\"description\":\"Global Maritime Services\",\"publisher\":{\"@id\":\"https:\/\/gms-tunisie.com\/en\/#organization\"},\"potentialAction\":[{\"@type\":\"SearchAction\",\"target\":{\"@type\":\"EntryPoint\",\"urlTemplate\":\"https:\/\/gms-tunisie.com\/en\/?s={search_term_string}\"},\"query-input\":{\"@type\":\"PropertyValueSpecification\",\"valueRequired\":true,\"valueName\":\"search_term_string\"}}],\"inLanguage\":\"fr-FR\"},{\"@type\":\"Organization\",\"@id\":\"https:\/\/gms-tunisie.com\/en\/#organization\",\"name\":\"Global Maritime Services\",\"url\":\"https:\/\/gms-tunisie.com\/en\/\",\"logo\":{\"@type\":\"ImageObject\",\"inLanguage\":\"fr-FR\",\"@id\":\"https:\/\/gms-tunisie.com\/en\/#\/schema\/logo\/image\/\",\"url\":\"https:\/\/gms-tunisie.com\/wp-content\/uploads\/2025\/03\/1000015282.png\",\"contentUrl\":\"https:\/\/gms-tunisie.com\/wp-content\/uploads\/2025\/03\/1000015282.png\",\"width\":8192,\"height\":5789,\"caption\":\"Global Maritime Services\"},\"image\":{\"@id\":\"https:\/\/gms-tunisie.com\/en\/#\/schema\/logo\/image\/\"},\"sameAs\":[\"https:\/\/www.linkedin.com\/company\/global-maritime-services\/\"]}]}<\/script>\n<!-- \/ Yoast SEO plugin. -->","yoast_head_json":{"title":"Consignment - Global Maritime Services","robots":{"index":"index","follow":"follow","max-snippet":"max-snippet:-1","max-image-preview":"max-image-preview:large","max-video-preview":"max-video-preview:-1"},"canonical":"https:\/\/gms-tunisie.com\/fr\/consignment\/","og_locale":"fr_FR","og_type":"article","og_title":"Consignment - Global Maritime Services","og_description":"Consignment Our expertise is directed to domestic and foreign shipowners or industrial Groups &amp; Societies international trading . Our branch network covers all Tunisian ports. Optimization of call time: Efficiency MAXIMUM paperwork edge. Bunkering and disposal Slops. Getting on board spare parts and repairs. Transfers crews to \/ from airport. Needs of the crew (Immigration [&hellip;]","og_url":"https:\/\/gms-tunisie.com\/fr\/consignment\/","og_site_name":"Global Maritime Services","article_modified_time":"2025-08-11T22:13:51+00:00","og_image":[{"url":"https:\/\/gms-tunisie.com\/wp-content\/uploads\/2025\/03\/pexels-maximilian-ruther-199439233-11589786-1024x683.jpg","type":"","width":"","height":""}],"twitter_card":"summary_large_image","twitter_misc":{"Dur\u00e9e de lecture estim\u00e9e":"2 minutes"},"schema":{"@context":"https:\/\/schema.org","@graph":[{"@type":"WebPage","@id":"https:\/\/gms-tunisie.com\/en\/consignment\/","url":"https:\/\/gms-tunisie.com\/en\/consignment\/","name":"Consignment - Global Maritime Services","isPartOf":{"@id":"https:\/\/gms-tunisie.com\/en\/#website"},"primaryImageOfPage":{"@id":"https:\/\/gms-tunisie.com\/en\/consignment\/#primaryimage"},"image":{"@id":"https:\/\/gms-tunisie.com\/en\/consignment\/#primaryimage"},"thumbnailUrl":"https:\/\/gms-tunisie.com\/wp-content\/uploads\/2025\/03\/pexels-maximilian-ruther-199439233-11589786-1024x683.jpg","datePublished":"2025-03-12T12:52:20+00:00","dateModified":"2025-08-11T22:13:51+00:00","breadcrumb":{"@id":"https:\/\/gms-tunisie.com\/en\/consignment\/#breadcrumb"},"inLanguage":"fr-FR","potentialAction":[{"@type":"ReadAction","target":["https:\/\/gms-tunisie.com\/en\/consignment\/"]}]},{"@type":"ImageObject","inLanguage":"fr-FR","@id":"https:\/\/gms-tunisie.com\/en\/consignment\/#primaryimage","url":"https:\/\/gms-tunisie.com\/wp-content\/uploads\/2025\/03\/pexels-maximilian-ruther-199439233-11589786-1024x683.jpg","contentUrl":"https:\/\/gms-tunisie.com\/wp-content\/uploads\/2025\/03\/pexels-maximilian-ruther-199439233-11589786-1024x683.jpg"},{"@type":"BreadcrumbList","@id":"https:\/\/gms-tunisie.com\/en\/consignment\/#breadcrumb","itemListElement":[{"@type":"ListItem","position":1,"name":"Home","item":"https:\/\/gms-tunisie.com\/en\/"},{"@type":"ListItem","position":2,"name":"Consignment"}]},{"@type":"WebSite","@id":"https:\/\/gms-tunisie.com\/en\/#website","url":"https:\/\/gms-tunisie.com\/en\/","name":"Global Maritime Services","description":"Global Maritime Services","publisher":{"@id":"https:\/\/gms-tunisie.com\/en\/#organization"},"potentialAction":[{"@type":"SearchAction","target":{"@type":"EntryPoint","urlTemplate":"https:\/\/gms-tunisie.com\/en\/?s={search_term_string}"},"query-input":{"@type":"PropertyValueSpecification","valueRequired":true,"valueName":"search_term_string"}}],"inLanguage":"fr-FR"},{"@type":"Organization","@id":"https:\/\/gms-tunisie.com\/en\/#organization","name":"Global Maritime Services","url":"https:\/\/gms-tunisie.com\/en\/","logo":{"@type":"ImageObject","inLanguage":"fr-FR","@id":"https:\/\/gms-tunisie.com\/en\/#\/schema\/logo\/image\/","url":"https:\/\/gms-tunisie.com\/wp-content\/uploads\/2025\/03\/1000015282.png","contentUrl":"https:\/\/gms-tunisie.com\/wp-content\/uploads\/2025\/03\/1000015282.png","width":8192,"height":5789,"caption":"Global Maritime Services"},"image":{"@id":"https:\/\/gms-tunisie.com\/en\/#\/schema\/logo\/image\/"},"sameAs":["https:\/\/www.linkedin.com\/company\/global-maritime-services\/"]}]}},"_links":{"self":[{"href":"https:\/\/gms-tunisie.com\/fr\/wp-json\/wp\/v2\/pages\/1087","targetHints":{"allow":["GET"]}}],"collection":[{"href":"https:\/\/gms-tunisie.com\/fr\/wp-json\/wp\/v2\/pages"}],"about":[{"href":"https:\/\/gms-tunisie.com\/fr\/wp-json\/wp\/v2\/types\/page"}],"author":[{"embeddable":true,"href":"https:\/\/gms-tunisie.com\/fr\/wp-json\/wp\/v2\/users\/1"}],"replies":[{"embeddable":true,"href":"https:\/\/gms-tunisie.com\/fr\/wp-json\/wp\/v2\/comments?post=1087"}],"version-history":[{"count":36,"href":"https:\/\/gms-tunisie.com\/fr\/wp-json\/wp\/v2\/pages\/1087\/revisions"}],"predecessor-version":[{"id":1560,"href":"https:\/\/gms-tunisie.com\/fr\/wp-json\/wp\/v2\/pages\/1087\/revisions\/1560"}],"wp:attachment":[{"href":"https:\/\/gms-tunisie.com\/fr\/wp-json\/wp\/v2\/media?parent=1087"}],"curies":[{"name":"wp","href":"https:\/\/api.w.org\/{rel}","templated":true}]}}